{"id":8310,"date":"2024-03-06T18:50:38","date_gmt":"2024-03-06T17:50:38","guid":{"rendered":"https:\/\/www.promotio.sk\/shop\/uncategorized\/simon\/"},"modified":"2024-03-06T18:52:10","modified_gmt":"2024-03-06T17:52:10","slug":"simon","status":"publish","type":"product","link":"https:\/\/www.promotio.sk\/sk\/shop\/promo-items\/writing_office\/pens\/simon\/","title":{"rendered":"\u0160IMON"},"content":{"rendered":"<p>Gu\u013e\u00f4\u010dkov\u00e9 pero s telom z recyklovan\u00e9ho hlin\u00edka a tla\u010didlom v eloxovanej \u00faprave. Jumbo n\u00e1pl\u0148 s modr\u00fdm atramentom.<br \/>Zlo\u017eenie: Aluminio reciclado<br \/>Pozn\u00e1mky: Tinta azul<\/p>","protected":false},"excerpt":{"rendered":"<p>Ball pen with body in recycled aluminium and push button in anodized finish. Blue ink jumbo refill.Composition: Aluminio recicladoRemarks: Tinta<\/p>","protected":false},"featured_media":8311,"comment_status":"open","ping_status":"closed","template":"","meta":[],"product_cat":[205,39],"product_tag":[],"class_list":{"0":"post-8310","1":"product","2":"type-product","3":"status-publish","4":"has-post-thumbnail","6":"product_cat-pens","7":"product_cat-writing_office","9":"first","10":"instock","11":"shipping-taxable","12":"purchasable","13":"product-type-variable"},"_links":{"self":[{"href":"https:\/\/www.promotio.sk\/sk\/wp-json\/wp\/v2\/product\/8310","targetHints":{"allow":["GET"]}}],"collection":[{"href":"https:\/\/www.promotio.sk\/sk\/wp-json\/wp\/v2\/product"}],"about":[{"href":"https:\/\/www.promotio.sk\/sk\/wp-json\/wp\/v2\/types\/product"}],"replies":[{"embeddable":true,"href":"https:\/\/www.promotio.sk\/sk\/wp-json\/wp\/v2\/comments?post=8310"}],"wp:featuredmedia":[{"embeddable":true,"href":"https:\/\/www.promotio.sk\/sk\/wp-json\/wp\/v2\/media\/8311"}],"wp:attachment":[{"href":"https:\/\/www.promotio.sk\/sk\/wp-json\/wp\/v2\/media?parent=8310"}],"wp:term":[{"taxonomy":"product_cat","embeddable":true,"href":"https:\/\/www.promotio.sk\/sk\/wp-json\/wp\/v2\/product_cat?post=8310"},{"taxonomy":"product_tag","embeddable":true,"href":"https:\/\/www.promotio.sk\/sk\/wp-json\/wp\/v2\/product_tag?post=8310"}],"curies":[{"name":"wp","href":"https:\/\/api.w.org\/{rel}","templated":true}]}}