{"id":8275,"date":"2024-03-06T18:47:28","date_gmt":"2024-03-06T17:47:28","guid":{"rendered":"https:\/\/www.promotio.sk\/shop\/uncategorized\/roses\/"},"modified":"2024-03-06T18:48:58","modified_gmt":"2024-03-06T17:48:58","slug":"roses","status":"publish","type":"product","link":"https:\/\/www.promotio.sk\/sk\/shop\/promo-items\/writing_office\/pens\/roses\/","title":{"rendered":"RU\u017dE"},"content":{"rendered":"<p>Kovov\u00e9 gu\u013e\u00f4\u010dkov\u00e9 pero m\u00e4kk\u00e9 na dotyk s detailmi z ru\u017eov\u00e9ho zlata. Jumbo n\u00e1pl\u0148 s modr\u00fdm atramentom. Ide\u00e1lne pre laserov\u00fa tla\u010d.<br \/>Pozn\u00e1mky: Carga Jumbo de tinta azul.<\/p>","protected":false},"excerpt":{"rendered":"<p>Soft-touch metal ball pen with rose gold details. Blue ink jumbo refill. Ideal for laser printing.Remarks: Carga Jumbo de tinta<\/p>","protected":false},"featured_media":8276,"comment_status":"open","ping_status":"closed","template":"","meta":[],"product_cat":[205,39],"product_tag":[],"class_list":{"0":"post-8275","1":"product","2":"type-product","3":"status-publish","4":"has-post-thumbnail","6":"product_cat-pens","7":"product_cat-writing_office","9":"first","10":"instock","11":"shipping-taxable","12":"purchasable","13":"product-type-variable"},"_links":{"self":[{"href":"https:\/\/www.promotio.sk\/sk\/wp-json\/wp\/v2\/product\/8275","targetHints":{"allow":["GET"]}}],"collection":[{"href":"https:\/\/www.promotio.sk\/sk\/wp-json\/wp\/v2\/product"}],"about":[{"href":"https:\/\/www.promotio.sk\/sk\/wp-json\/wp\/v2\/types\/product"}],"replies":[{"embeddable":true,"href":"https:\/\/www.promotio.sk\/sk\/wp-json\/wp\/v2\/comments?post=8275"}],"wp:featuredmedia":[{"embeddable":true,"href":"https:\/\/www.promotio.sk\/sk\/wp-json\/wp\/v2\/media\/8276"}],"wp:attachment":[{"href":"https:\/\/www.promotio.sk\/sk\/wp-json\/wp\/v2\/media?parent=8275"}],"wp:term":[{"taxonomy":"product_cat","embeddable":true,"href":"https:\/\/www.promotio.sk\/sk\/wp-json\/wp\/v2\/product_cat?post=8275"},{"taxonomy":"product_tag","embeddable":true,"href":"https:\/\/www.promotio.sk\/sk\/wp-json\/wp\/v2\/product_tag?post=8275"}],"curies":[{"name":"wp","href":"https:\/\/api.w.org\/{rel}","templated":true}]}}