{"id":8241,"date":"2024-03-06T18:44:27","date_gmt":"2024-03-06T17:44:27","guid":{"rendered":"https:\/\/www.promotio.sk\/shop\/uncategorized\/silma\/"},"modified":"2024-03-06T18:45:56","modified_gmt":"2024-03-06T17:45:56","slug":"silma","status":"publish","type":"product","link":"https:\/\/www.promotio.sk\/sk\/shop\/promo-items\/writing_office\/pens\/silma\/","title":{"rendered":"SILMA"},"content":{"rendered":"<p>Gu\u013e\u00f4\u010dkov\u00e9 pero s kovovou \u0161trukt\u00farou m\u00e4kkou na dotyk a bambusov\u00fdmi detailmi. Modr\u00fd atrament.<br \/>Zlo\u017eenie: Bamb\u00fa<\/p>","protected":false},"excerpt":{"rendered":"<p>Ball pen with soft-touch metal structure and bamboo details. Blue ink.Composition: Bamb\u00fa<\/p>","protected":false},"featured_media":8242,"comment_status":"open","ping_status":"closed","template":"","meta":[],"product_cat":[205,39],"product_tag":[],"class_list":{"0":"post-8241","1":"product","2":"type-product","3":"status-publish","4":"has-post-thumbnail","6":"product_cat-pens","7":"product_cat-writing_office","9":"first","10":"instock","11":"shipping-taxable","12":"purchasable","13":"product-type-variable"},"_links":{"self":[{"href":"https:\/\/www.promotio.sk\/sk\/wp-json\/wp\/v2\/product\/8241","targetHints":{"allow":["GET"]}}],"collection":[{"href":"https:\/\/www.promotio.sk\/sk\/wp-json\/wp\/v2\/product"}],"about":[{"href":"https:\/\/www.promotio.sk\/sk\/wp-json\/wp\/v2\/types\/product"}],"replies":[{"embeddable":true,"href":"https:\/\/www.promotio.sk\/sk\/wp-json\/wp\/v2\/comments?post=8241"}],"wp:featuredmedia":[{"embeddable":true,"href":"https:\/\/www.promotio.sk\/sk\/wp-json\/wp\/v2\/media\/8242"}],"wp:attachment":[{"href":"https:\/\/www.promotio.sk\/sk\/wp-json\/wp\/v2\/media?parent=8241"}],"wp:term":[{"taxonomy":"product_cat","embeddable":true,"href":"https:\/\/www.promotio.sk\/sk\/wp-json\/wp\/v2\/product_cat?post=8241"},{"taxonomy":"product_tag","embeddable":true,"href":"https:\/\/www.promotio.sk\/sk\/wp-json\/wp\/v2\/product_tag?post=8241"}],"curies":[{"name":"wp","href":"https:\/\/api.w.org\/{rel}","templated":true}]}}