{"id":8228,"date":"2024-03-06T18:43:24","date_gmt":"2024-03-06T17:43:24","guid":{"rendered":"https:\/\/www.promotio.sk\/shop\/uncategorized\/peret\/"},"modified":"2024-03-06T18:44:24","modified_gmt":"2024-03-06T17:44:24","slug":"peret","status":"publish","type":"product","link":"https:\/\/www.promotio.sk\/sk\/shop\/promo-items\/writing_office\/pens\/peret\/","title":{"rendered":"PERET"},"content":{"rendered":"<p>Guli\u010dkov\u00e9 pero s m\u00e4kkou kovovou \u0161trukt\u00farou. \u0160peci\u00e1lne pre laserov\u00fa tla\u010d. Dotykov\u00fd ukazovate\u013e. Jumbo n\u00e1pl\u0148 s modr\u00fdm atramentom. <\/p>","protected":false},"excerpt":{"rendered":"<p>Guli\u010dkov\u00e9 pero s m\u00e4kkou kovovou \u0161trukt\u00farou. \u0160peci\u00e1lne pre laserov\u00fa tla\u010d. Dotykov\u00fd ukazovate\u013e. Jumbo n\u00e1pl\u0148 s modr\u00fdm atramentom.<\/p>","protected":false},"featured_media":8229,"comment_status":"open","ping_status":"closed","template":"","meta":[],"product_cat":[205,39],"product_tag":[],"class_list":{"0":"post-8228","1":"product","2":"type-product","3":"status-publish","4":"has-post-thumbnail","6":"product_cat-pens","7":"product_cat-writing_office","9":"first","10":"instock","11":"shipping-taxable","12":"purchasable","13":"product-type-variable"},"_links":{"self":[{"href":"https:\/\/www.promotio.sk\/sk\/wp-json\/wp\/v2\/product\/8228","targetHints":{"allow":["GET"]}}],"collection":[{"href":"https:\/\/www.promotio.sk\/sk\/wp-json\/wp\/v2\/product"}],"about":[{"href":"https:\/\/www.promotio.sk\/sk\/wp-json\/wp\/v2\/types\/product"}],"replies":[{"embeddable":true,"href":"https:\/\/www.promotio.sk\/sk\/wp-json\/wp\/v2\/comments?post=8228"}],"wp:featuredmedia":[{"embeddable":true,"href":"https:\/\/www.promotio.sk\/sk\/wp-json\/wp\/v2\/media\/8229"}],"wp:attachment":[{"href":"https:\/\/www.promotio.sk\/sk\/wp-json\/wp\/v2\/media?parent=8228"}],"wp:term":[{"taxonomy":"product_cat","embeddable":true,"href":"https:\/\/www.promotio.sk\/sk\/wp-json\/wp\/v2\/product_cat?post=8228"},{"taxonomy":"product_tag","embeddable":true,"href":"https:\/\/www.promotio.sk\/sk\/wp-json\/wp\/v2\/product_tag?post=8228"}],"curies":[{"name":"wp","href":"https:\/\/api.w.org\/{rel}","templated":true}]}}