{"id":8143,"date":"2024-03-06T18:35:41","date_gmt":"2024-03-06T17:35:41","guid":{"rendered":"https:\/\/www.promotio.sk\/shop\/uncategorized\/dekel\/"},"modified":"2024-03-06T18:36:52","modified_gmt":"2024-03-06T17:36:52","slug":"dekel","status":"publish","type":"product","link":"https:\/\/www.promotio.sk\/sk\/shop\/promo-items\/writing_office\/pens\/dekel\/","title":{"rendered":"DEKEL"},"content":{"rendered":"<p>Kovov\u00e9 pero s bambusov\u00fdm \u00fachopom sp\u00e1ja eleganciu kovu s teplom a prirodzenou kr\u00e1sou bambusu. Toto pero pon\u00faka dokonal\u00fa rovnov\u00e1hu medzi \u0161t\u00fdlom a funk\u010dnos\u0165ou.<br \/>\nKovov\u00e9 telo mu dod\u00e1va sofistikovan\u00fd a odoln\u00fd vzh\u013ead, zatia\u013e \u010do bambusov\u00e1 rukov\u00e4\u0165 dod\u00e1va jedine\u010dn\u00fd a prirodzen\u00fd n\u00e1dych. Kombin\u00e1cia t\u00fdchto materi\u00e1lov vytv\u00e1ra vizu\u00e1lne pr\u00ed\u0165a\u017eliv\u00fd kontrast a pohodlie pri p\u00edsan\u00ed.<br \/>\nOkrem funkcie pera je tento n\u00e1stroj vybaven\u00fd dotykov\u00fdm ukazovate\u013eom na opa\u010dnom konci. Dotykov\u00fd ukazovate\u013e v\u00e1m umo\u017e\u0148uje presn\u00fa interakciu so zariadeniami s dotykovou obrazovkou, ako s\u00fa smartf\u00f3ny alebo tablety, \u010d\u00edm zabra\u0148uje nechcen\u00fdm odtla\u010dkom prstov na obrazovke a poskytuje v\u00e1m v\u00e4\u010d\u0161iu kontrolu.<br \/>\nVysokokvalitn\u00fd modr\u00fd atrament poskytuje plynul\u00e9 a \u010ditate\u013en\u00e9 p\u00edsanie. V\u010faka svojmu elegantn\u00e9mu dizajnu a pridanej funk\u010dnosti je toto pero ide\u00e1lne na osobn\u00e9 pou\u017eitie aj na darovanie. Je ide\u00e1lnou vo\u013ebou pre t\u00fdch, ktor\u00ed oce\u0148uj\u00fa estetiku a kvalitu svojich p\u00edsac\u00edch potrieb.<br \/>Zlo\u017eenie: Bamb\u00fa<\/p>","protected":false},"excerpt":{"rendered":"<p>The metal pen with a bamboo grip combines the elegance of metal with the warmth and natural beauty of bamboo.<\/p>","protected":false},"featured_media":8144,"comment_status":"open","ping_status":"closed","template":"","meta":[],"product_cat":[205,39],"product_tag":[],"class_list":{"0":"post-8143","1":"product","2":"type-product","3":"status-publish","4":"has-post-thumbnail","6":"product_cat-pens","7":"product_cat-writing_office","9":"first","10":"instock","11":"shipping-taxable","12":"purchasable","13":"product-type-variable"},"_links":{"self":[{"href":"https:\/\/www.promotio.sk\/sk\/wp-json\/wp\/v2\/product\/8143","targetHints":{"allow":["GET"]}}],"collection":[{"href":"https:\/\/www.promotio.sk\/sk\/wp-json\/wp\/v2\/product"}],"about":[{"href":"https:\/\/www.promotio.sk\/sk\/wp-json\/wp\/v2\/types\/product"}],"replies":[{"embeddable":true,"href":"https:\/\/www.promotio.sk\/sk\/wp-json\/wp\/v2\/comments?post=8143"}],"wp:featuredmedia":[{"embeddable":true,"href":"https:\/\/www.promotio.sk\/sk\/wp-json\/wp\/v2\/media\/8144"}],"wp:attachment":[{"href":"https:\/\/www.promotio.sk\/sk\/wp-json\/wp\/v2\/media?parent=8143"}],"wp:term":[{"taxonomy":"product_cat","embeddable":true,"href":"https:\/\/www.promotio.sk\/sk\/wp-json\/wp\/v2\/product_cat?post=8143"},{"taxonomy":"product_tag","embeddable":true,"href":"https:\/\/www.promotio.sk\/sk\/wp-json\/wp\/v2\/product_tag?post=8143"}],"curies":[{"name":"wp","href":"https:\/\/api.w.org\/{rel}","templated":true}]}}