{"id":8136,"date":"2024-03-06T18:35:07","date_gmt":"2024-03-06T17:35:07","guid":{"rendered":"https:\/\/www.promotio.sk\/shop\/uncategorized\/varel\/"},"modified":"2024-03-06T18:35:39","modified_gmt":"2024-03-06T17:35:39","slug":"varel","status":"publish","type":"product","link":"https:\/\/www.promotio.sk\/sk\/shop\/promo-items\/writing_office\/pens\/varel\/","title":{"rendered":"VAREL"},"content":{"rendered":"<p>Pero s bambusov\u00fdm telom a tla\u010didlom v kovovom preveden\u00ed je elegantnou a prirodzenou mo\u017enos\u0165ou pre va\u0161e p\u00edsanie. Bambusov\u00e9 telo mu dod\u00e1va organick\u00fd a tepl\u00fd vzh\u013ead, zatia\u013e \u010do tla\u010didlo s kovovou povrchovou \u00fapravou dod\u00e1va n\u00e1dych sofistikovanosti.<br \/>\nV\u010faka vstavan\u00e9mu dotykov\u00e9mu ukazovate\u013eu v\u00e1m toto pero umo\u017e\u0148uje presn\u00fa interakciu so zariadeniami s dotykovou obrazovkou, ako s\u00fa smartf\u00f3ny alebo tablety. \u010ci u\u017e potrebujete navigova\u0165, p\u00edsa\u0165 alebo kresli\u0165, dotykov\u00fd ukazovate\u013e poskytuje pohodlie a presnos\u0165.<br \/>\nVysokokvalitn\u00fd modr\u00fd atrament poskytuje hladk\u00e9 a \u010ditate\u013en\u00e9 p\u00edsanie. Okrem estetick\u00e9ho vzh\u013eadu je pou\u017eitie bambusu ako hlavn\u00e9ho materi\u00e1lu tie\u017e trvalo udr\u017eate\u013enou vo\u013ebou. Bambus je r\u00fdchlo rast\u00faca rastlina a jeho pou\u017e\u00edvanie prispieva k zachovaniu pr\u00edrodn\u00fdch zdrojov.<br \/>\n\u010ci u\u017e na osobn\u00e9 pou\u017eitie alebo ako dar\u010dek, toto pero s bambusov\u00fdm telom a tla\u010didlom v kovovom preveden\u00ed vynik\u00e1 svojim \u0161t\u00fdlom, funk\u010dnos\u0165ou a z\u00e1v\u00e4zkom k trvalej udr\u017eate\u013enosti.<br \/>Zlo\u017eenie: Bamb\u00fa<\/p>","protected":false},"excerpt":{"rendered":"<p>The pen with bamboo body and push button in metallic finish is an elegant and natural option for your writing<\/p>","protected":false},"featured_media":8137,"comment_status":"open","ping_status":"closed","template":"","meta":[],"product_cat":[205,39],"product_tag":[],"class_list":{"0":"post-8136","1":"product","2":"type-product","3":"status-publish","4":"has-post-thumbnail","6":"product_cat-pens","7":"product_cat-writing_office","9":"first","10":"instock","11":"shipping-taxable","12":"purchasable","13":"product-type-variable"},"_links":{"self":[{"href":"https:\/\/www.promotio.sk\/sk\/wp-json\/wp\/v2\/product\/8136","targetHints":{"allow":["GET"]}}],"collection":[{"href":"https:\/\/www.promotio.sk\/sk\/wp-json\/wp\/v2\/product"}],"about":[{"href":"https:\/\/www.promotio.sk\/sk\/wp-json\/wp\/v2\/types\/product"}],"replies":[{"embeddable":true,"href":"https:\/\/www.promotio.sk\/sk\/wp-json\/wp\/v2\/comments?post=8136"}],"wp:featuredmedia":[{"embeddable":true,"href":"https:\/\/www.promotio.sk\/sk\/wp-json\/wp\/v2\/media\/8137"}],"wp:attachment":[{"href":"https:\/\/www.promotio.sk\/sk\/wp-json\/wp\/v2\/media?parent=8136"}],"wp:term":[{"taxonomy":"product_cat","embeddable":true,"href":"https:\/\/www.promotio.sk\/sk\/wp-json\/wp\/v2\/product_cat?post=8136"},{"taxonomy":"product_tag","embeddable":true,"href":"https:\/\/www.promotio.sk\/sk\/wp-json\/wp\/v2\/product_tag?post=8136"}],"curies":[{"name":"wp","href":"https:\/\/api.w.org\/{rel}","templated":true}]}}