{"id":8119,"date":"2024-03-06T18:33:48","date_gmt":"2024-03-06T17:33:48","guid":{"rendered":"https:\/\/www.promotio.sk\/shop\/uncategorized\/borux\/"},"modified":"2024-03-06T18:35:05","modified_gmt":"2024-03-06T17:35:05","slug":"borux","status":"publish","type":"product","link":"https:\/\/www.promotio.sk\/sk\/shop\/promo-items\/writing_office\/pens\/borux\/","title":{"rendered":"BORUX"},"content":{"rendered":"<p>Pero s hlin\u00edkov\u00fdm telom a bambusov\u00fdm \u00fachopom pon\u00faka jedine\u010dn\u00fa kombin\u00e1ciu odolnosti a elegancie. Hlin\u00edkov\u00e9 telo poskytuje pevnos\u0165 a \u013eahkos\u0165, zatia\u013e \u010do bambusov\u00e1 rukov\u00e4\u0165 dod\u00e1va prirodzen\u00fd a sofistikovan\u00fd n\u00e1dych.<br \/>\nV\u010faka tla\u010didlu s eloxovan\u00fdm povrchom zais\u0165uje toto pero hladk\u00e9 a spo\u013eahliv\u00e9 pou\u017e\u00edvanie. Jednoduch\u00fdm stla\u010den\u00edm tla\u010didla odklop\u00edte hrot a m\u00f4\u017eete za\u010da\u0165 p\u00edsa\u0165.<br \/>\nVysokokvalitn\u00fd modr\u00fd atrament poskytuje plynul\u00e9 a \u010ditate\u013en\u00e9 p\u00edsanie. \u010ci u\u017e si rob\u00edte pozn\u00e1mky, p\u00ed\u0161ete dokumenty alebo vyjadrujete svoje n\u00e1pady, toto pero zaist\u00ed ostr\u00e9 a jasn\u00e9 v\u00fdsledky.<br \/>\nStarostlivo vytvoren\u00fd dizajn tohto pera z neho rob\u00ed ide\u00e1lnu vo\u013ebu pre dar\u010deky alebo osobn\u00e9 pou\u017eitie. Sp\u00e1ja v sebe silu hlin\u00edka s kr\u00e1sou bambusu, \u010d\u00edm vytv\u00e1ra modern\u00fd a sofistikovan\u00fd vzh\u013ead.<br \/>\n\u010ci u\u017e v pr\u00e1ci, v \u0161kole alebo v akejko\u013evek ka\u017edodennej situ\u00e1cii, toto pero v\u00e1m poskytne \u0161t\u00fdl a funk\u010dnos\u0165. Je to ide\u00e1lna vo\u013eba pre t\u00fdch, ktor\u00ed oce\u0148uj\u00fa kvalitu, dizajn a udr\u017eate\u013enos\u0165.<br \/>Zlo\u017eenie: Aluminio y bamb\u00fa<\/p>","protected":false},"excerpt":{"rendered":"<p>The pen with an aluminium body and bamboo grip offers a unique combination of durability and elegance. The aluminium body<\/p>","protected":false},"featured_media":8120,"comment_status":"open","ping_status":"closed","template":"","meta":[],"product_cat":[205,39],"product_tag":[],"class_list":{"0":"post-8119","1":"product","2":"type-product","3":"status-publish","4":"has-post-thumbnail","6":"product_cat-pens","7":"product_cat-writing_office","9":"first","10":"instock","11":"shipping-taxable","12":"purchasable","13":"product-type-variable"},"_links":{"self":[{"href":"https:\/\/www.promotio.sk\/sk\/wp-json\/wp\/v2\/product\/8119","targetHints":{"allow":["GET"]}}],"collection":[{"href":"https:\/\/www.promotio.sk\/sk\/wp-json\/wp\/v2\/product"}],"about":[{"href":"https:\/\/www.promotio.sk\/sk\/wp-json\/wp\/v2\/types\/product"}],"replies":[{"embeddable":true,"href":"https:\/\/www.promotio.sk\/sk\/wp-json\/wp\/v2\/comments?post=8119"}],"wp:featuredmedia":[{"embeddable":true,"href":"https:\/\/www.promotio.sk\/sk\/wp-json\/wp\/v2\/media\/8120"}],"wp:attachment":[{"href":"https:\/\/www.promotio.sk\/sk\/wp-json\/wp\/v2\/media?parent=8119"}],"wp:term":[{"taxonomy":"product_cat","embeddable":true,"href":"https:\/\/www.promotio.sk\/sk\/wp-json\/wp\/v2\/product_cat?post=8119"},{"taxonomy":"product_tag","embeddable":true,"href":"https:\/\/www.promotio.sk\/sk\/wp-json\/wp\/v2\/product_tag?post=8119"}],"curies":[{"name":"wp","href":"https:\/\/api.w.org\/{rel}","templated":true}]}}