{"id":8112,"date":"2024-03-06T18:33:17","date_gmt":"2024-03-06T17:33:17","guid":{"rendered":"https:\/\/www.promotio.sk\/shop\/uncategorized\/nebel\/"},"modified":"2024-03-06T18:33:46","modified_gmt":"2024-03-06T17:33:46","slug":"nebel","status":"publish","type":"product","link":"https:\/\/www.promotio.sk\/sk\/shop\/promo-items\/writing_office\/pens\/nebel\/","title":{"rendered":"NEBEL"},"content":{"rendered":"<p>3-atramentov\u00e9 vys\u00favacie tla\u010didlov\u00e9 pero je v\u0161estrann\u00fd a pohodln\u00fd n\u00e1stroj pre v\u0161etky va\u0161e potreby p\u00edsania. V\u010faka zas\u00favaciemu mechanizmu m\u00f4\u017eete jednoducho prep\u00edna\u0165 medzi tromi dostupn\u00fdmi atramentmi: modr\u00fdm, \u010diernym a \u010derven\u00fdm. To v\u00e1m umo\u017en\u00ed zv\u00fdraz\u0148ova\u0165, pod\u010diarkova\u0165 a p\u00edsa\u0165 r\u00f4znymi farbami bez toho, aby ste museli nosi\u0165 viacero pier.<br \/>\nTelo pera je vyroben\u00e9 z ABS, pevn\u00e9ho a odoln\u00e9ho materi\u00e1lu, zatia\u013e \u010do rukov\u00e4\u0165 je vyroben\u00e1 z bambusu, \u010do mu dod\u00e1va prirodzen\u00fd a elegantn\u00fd vzh\u013ead. Bambusov\u00e9 dr\u017eadlo tie\u017e poskytuje pocit pohodlia pri dlhom p\u00edsan\u00ed.<br \/>\nOkrem funkcie p\u00edsania m\u00e1 pero na opa\u010dnom konci dotykov\u00fd ukazovate\u013e. Dotykov\u00fd ukazovate\u013e v\u00e1m umo\u017e\u0148uje presn\u00fa interakciu so zariadeniami s dotykovou obrazovkou, ako s\u00fa smartf\u00f3ny alebo tablety, \u010d\u00edm sa vyhnete nechcen\u00fdm odtla\u010dkom prstov na obrazovke.<br \/>\nS t\u00fdmto 3-atramentov\u00fdm perom budete ma\u0165 v\u0161etky farebn\u00e9 mo\u017enosti, ktor\u00e9 potrebujete, v jednom n\u00e1stroji, spolu s pohodl\u00edm v\u00fdsuvn\u00e9ho tla\u010didla a pridanou funkcionalitou dotykov\u00e9ho ukazovate\u013ea. Toto pero je ide\u00e1lne do pr\u00e1ce, do \u0161koly alebo na ak\u00fako\u013evek in\u00fa pr\u00edle\u017eitos\u0165, ke\u010f potrebujete v\u0161estrann\u00fd a praktick\u00fd n\u00e1stroj na p\u00edsanie.<br \/>Zlo\u017eenie: ABS y bamb\u00fa<\/p>","protected":false},"excerpt":{"rendered":"<p>The 3 Ink Retractable Push Button Pen is a versatile and convenient tool for all your writing needs. With its<\/p>","protected":false},"featured_media":8113,"comment_status":"open","ping_status":"closed","template":"","meta":[],"product_cat":[205,39],"product_tag":[],"class_list":{"0":"post-8112","1":"product","2":"type-product","3":"status-publish","4":"has-post-thumbnail","6":"product_cat-pens","7":"product_cat-writing_office","9":"first","10":"instock","11":"shipping-taxable","12":"purchasable","13":"product-type-variable"},"_links":{"self":[{"href":"https:\/\/www.promotio.sk\/sk\/wp-json\/wp\/v2\/product\/8112","targetHints":{"allow":["GET"]}}],"collection":[{"href":"https:\/\/www.promotio.sk\/sk\/wp-json\/wp\/v2\/product"}],"about":[{"href":"https:\/\/www.promotio.sk\/sk\/wp-json\/wp\/v2\/types\/product"}],"replies":[{"embeddable":true,"href":"https:\/\/www.promotio.sk\/sk\/wp-json\/wp\/v2\/comments?post=8112"}],"wp:featuredmedia":[{"embeddable":true,"href":"https:\/\/www.promotio.sk\/sk\/wp-json\/wp\/v2\/media\/8113"}],"wp:attachment":[{"href":"https:\/\/www.promotio.sk\/sk\/wp-json\/wp\/v2\/media?parent=8112"}],"wp:term":[{"taxonomy":"product_cat","embeddable":true,"href":"https:\/\/www.promotio.sk\/sk\/wp-json\/wp\/v2\/product_cat?post=8112"},{"taxonomy":"product_tag","embeddable":true,"href":"https:\/\/www.promotio.sk\/sk\/wp-json\/wp\/v2\/product_tag?post=8112"}],"curies":[{"name":"wp","href":"https:\/\/api.w.org\/{rel}","templated":true}]}}