{"id":8095,"date":"2024-03-06T18:31:55","date_gmt":"2024-03-06T17:31:55","guid":{"rendered":"https:\/\/www.promotio.sk\/shop\/uncategorized\/rodal\/"},"modified":"2024-03-06T18:33:13","modified_gmt":"2024-03-06T17:33:13","slug":"rodal","status":"publish","type":"product","link":"https:\/\/www.promotio.sk\/sk\/shop\/promo-items\/writing_office\/pens\/rodal\/","title":{"rendered":"RODAL"},"content":{"rendered":"<p>Pero s \u010diernym matn\u00fdm chr\u00f3mov\u00fdm telom z recyklovan\u00e9ho hlin\u00edka je \u0161t\u00fdlovou a udr\u017eate\u013enou vo\u013ebou pre va\u0161e potreby p\u00edsania. Recyklovan\u00e9 hlin\u00edkov\u00e9 telo poskytuje nielen odolnos\u0165, ale prispieva aj k ochrane \u017eivotn\u00e9ho prostredia t\u00fdm, \u017ee d\u00e1va druh\u00fd \u017eivot existuj\u00facim materi\u00e1lom.<br \/>\nV\u010faka matn\u00e9mu chr\u00f3mov\u00e9mu povrchu v \u010diernej farbe m\u00e1 toto pero sofistikovan\u00fd a modern\u00fd vzh\u013ead. Matn\u00fd povrch mu dod\u00e1va n\u00e1dych elegancie a hladkosti na dotyk.<br \/>\nVysokokvalitn\u00fd modr\u00fd atrament poskytuje plynul\u00e9 a \u010ditate\u013en\u00e9 p\u00edsanie. Okrem svojej estetickej pr\u00ed\u0165a\u017elivosti je toto pero aj ekologickou vo\u013ebou. Ke\u010f\u017ee je vyroben\u00fd z recyklovan\u00e9ho hlin\u00edka, prispievate k zni\u017eovaniu odpadu a trvalo udr\u017eate\u013en\u00e9mu vyu\u017e\u00edvaniu pr\u00edrodn\u00fdch zdrojov.<br \/>\nToto \u010dierne matn\u00e9 chr\u00f3movan\u00e9 pero s telom z recyklovan\u00e9ho hlin\u00edka, navrhnut\u00e9 na propag\u00e1ciu va\u0161ej firmy alebo spolo\u010dnosti, vynik\u00e1 kombin\u00e1ciou \u0161t\u00fdlu, funk\u010dnosti a ekologick\u00e9ho povedomia.<br \/>Zlo\u017eenie: Aluminio reciclado<\/p>","protected":false},"excerpt":{"rendered":"<p>The pen with a black matte chrome recycled aluminium body is a stylish and sustainable choice for your writing needs.<\/p>","protected":false},"featured_media":8096,"comment_status":"open","ping_status":"closed","template":"","meta":[],"product_cat":[205,39],"product_tag":[],"class_list":{"0":"post-8095","1":"product","2":"type-product","3":"status-publish","4":"has-post-thumbnail","6":"product_cat-pens","7":"product_cat-writing_office","9":"first","10":"instock","11":"shipping-taxable","12":"purchasable","13":"product-type-variable"},"_links":{"self":[{"href":"https:\/\/www.promotio.sk\/sk\/wp-json\/wp\/v2\/product\/8095","targetHints":{"allow":["GET"]}}],"collection":[{"href":"https:\/\/www.promotio.sk\/sk\/wp-json\/wp\/v2\/product"}],"about":[{"href":"https:\/\/www.promotio.sk\/sk\/wp-json\/wp\/v2\/types\/product"}],"replies":[{"embeddable":true,"href":"https:\/\/www.promotio.sk\/sk\/wp-json\/wp\/v2\/comments?post=8095"}],"wp:featuredmedia":[{"embeddable":true,"href":"https:\/\/www.promotio.sk\/sk\/wp-json\/wp\/v2\/media\/8096"}],"wp:attachment":[{"href":"https:\/\/www.promotio.sk\/sk\/wp-json\/wp\/v2\/media?parent=8095"}],"wp:term":[{"taxonomy":"product_cat","embeddable":true,"href":"https:\/\/www.promotio.sk\/sk\/wp-json\/wp\/v2\/product_cat?post=8095"},{"taxonomy":"product_tag","embeddable":true,"href":"https:\/\/www.promotio.sk\/sk\/wp-json\/wp\/v2\/product_tag?post=8095"}],"curies":[{"name":"wp","href":"https:\/\/api.w.org\/{rel}","templated":true}]}}