{"id":8078,"date":"2024-03-06T18:30:34","date_gmt":"2024-03-06T17:30:34","guid":{"rendered":"https:\/\/www.promotio.sk\/shop\/uncategorized\/tansa\/"},"modified":"2024-03-06T18:31:53","modified_gmt":"2024-03-06T17:31:53","slug":"tansa","status":"publish","type":"product","link":"https:\/\/www.promotio.sk\/sk\/shop\/promo-items\/writing_office\/pens\/tansa\/","title":{"rendered":"TANSA"},"content":{"rendered":"<p>Jedine\u010dn\u00e9 pero s bambusov\u00fdm tla\u010didlom a telom z recyklovan\u00e9ho hlin\u00edka v elegantnom matnom preveden\u00ed. S matn\u00fdm siv\u00fdm klipom toto pero sp\u00e1ja \u0161t\u00fdl a udr\u017eate\u013enos\u0165.<\/p>\n<p>Toto pero pou\u017e\u00edva jumbo n\u00e1boj s modr\u00fdm atramentom, ktor\u00fd zais\u0165uje plynul\u00e9 a odoln\u00e9 p\u00edsanie. \u010ci u\u017e ide o p\u00edsanie pozn\u00e1mok v kancel\u00e1rii, p\u00edsanie do denn\u00edka alebo podpisovanie d\u00f4le\u017eit\u00fdch dokumentov, toto pero v\u00e1m poskytne v\u00fdnimo\u010dn\u00fd z\u00e1\u017eitok z p\u00edsania.<\/p>\n<p>V na\u0161om dizajne pera si cen\u00edme pou\u017e\u00edvanie materi\u00e1lov \u0161etrn\u00fdch k \u017eivotn\u00e9mu prostrediu, ako je bambus a recyklovan\u00fd hlin\u00edk. Urobte vedom\u00fa a sofistikovan\u00fa vo\u013ebu s na\u0161\u00edm bambusov\u00fdm tla\u010didlov\u00fdm perom a telom z recyklovan\u00e9ho hlin\u00edka s matn\u00fdm povrchom.<br \/>Zlo\u017eenie: Bamb\u00fa y aluminio reciclado<\/p>","protected":false},"excerpt":{"rendered":"<p>Unique pen with bamboo push-button and recycled aluminium body in an elegant matte finish. With a matte grey clip, this<\/p>","protected":false},"featured_media":8079,"comment_status":"open","ping_status":"closed","template":"","meta":[],"product_cat":[205,39],"product_tag":[],"class_list":{"0":"post-8078","1":"product","2":"type-product","3":"status-publish","4":"has-post-thumbnail","6":"product_cat-pens","7":"product_cat-writing_office","9":"first","10":"instock","11":"shipping-taxable","12":"purchasable","13":"product-type-variable"},"_links":{"self":[{"href":"https:\/\/www.promotio.sk\/sk\/wp-json\/wp\/v2\/product\/8078","targetHints":{"allow":["GET"]}}],"collection":[{"href":"https:\/\/www.promotio.sk\/sk\/wp-json\/wp\/v2\/product"}],"about":[{"href":"https:\/\/www.promotio.sk\/sk\/wp-json\/wp\/v2\/types\/product"}],"replies":[{"embeddable":true,"href":"https:\/\/www.promotio.sk\/sk\/wp-json\/wp\/v2\/comments?post=8078"}],"wp:featuredmedia":[{"embeddable":true,"href":"https:\/\/www.promotio.sk\/sk\/wp-json\/wp\/v2\/media\/8079"}],"wp:attachment":[{"href":"https:\/\/www.promotio.sk\/sk\/wp-json\/wp\/v2\/media?parent=8078"}],"wp:term":[{"taxonomy":"product_cat","embeddable":true,"href":"https:\/\/www.promotio.sk\/sk\/wp-json\/wp\/v2\/product_cat?post=8078"},{"taxonomy":"product_tag","embeddable":true,"href":"https:\/\/www.promotio.sk\/sk\/wp-json\/wp\/v2\/product_tag?post=8078"}],"curies":[{"name":"wp","href":"https:\/\/api.w.org\/{rel}","templated":true}]}}