{"id":8058,"date":"2024-03-06T18:29:00","date_gmt":"2024-03-06T17:29:00","guid":{"rendered":"https:\/\/www.promotio.sk\/shop\/uncategorized\/kanor\/"},"modified":"2024-03-06T18:30:32","modified_gmt":"2024-03-06T17:30:32","slug":"kanor","status":"publish","type":"product","link":"https:\/\/www.promotio.sk\/sk\/shop\/promo-items\/writing_office\/pens\/kanor\/","title":{"rendered":"KANOR"},"content":{"rendered":"<p>Pero s telom z recyklovan\u00e9ho ABS, ktor\u00e9 pom\u00e1ha zni\u017eova\u0165 dopad na \u017eivotn\u00e9 prostredie. S pohodln\u00fdm tla\u010didlom v\u00e1m toto pero umo\u017e\u0148uje p\u00edsa\u0165 hladko a presne. Vysokokvalitn\u00fd modr\u00fd atrament zais\u0165uje \u010ditate\u013en\u00e9 a odoln\u00e9 p\u00edsanie. \u010ci u\u017e si rob\u00edte pozn\u00e1mky v kancel\u00e1rii alebo p\u00ed\u0161ete do osobn\u00e9ho denn\u00edka, toto pero je spo\u013eahliv\u00e9 a \u0161etrn\u00e9 k \u017eivotn\u00e9mu prostrediu. Urobte udr\u017eate\u013en\u00fa vo\u013ebu a urobte rozdiel s na\u0161\u00edm perom s tla\u010didlom a telom z recyklovan\u00e9ho ABS.<br \/>Zlo\u017eenie: ABS reciklado<\/p>","protected":false},"excerpt":{"rendered":"<p>Pen with recycled ABS body that helps reduce environmental impact. With a comfortable push button, this pen allows you to<\/p>","protected":false},"featured_media":8059,"comment_status":"open","ping_status":"closed","template":"","meta":[],"product_cat":[205,39],"product_tag":[],"class_list":{"0":"post-8058","1":"product","2":"type-product","3":"status-publish","4":"has-post-thumbnail","6":"product_cat-pens","7":"product_cat-writing_office","9":"first","10":"instock","11":"shipping-taxable","12":"purchasable","13":"product-type-variable"},"_links":{"self":[{"href":"https:\/\/www.promotio.sk\/sk\/wp-json\/wp\/v2\/product\/8058","targetHints":{"allow":["GET"]}}],"collection":[{"href":"https:\/\/www.promotio.sk\/sk\/wp-json\/wp\/v2\/product"}],"about":[{"href":"https:\/\/www.promotio.sk\/sk\/wp-json\/wp\/v2\/types\/product"}],"replies":[{"embeddable":true,"href":"https:\/\/www.promotio.sk\/sk\/wp-json\/wp\/v2\/comments?post=8058"}],"wp:featuredmedia":[{"embeddable":true,"href":"https:\/\/www.promotio.sk\/sk\/wp-json\/wp\/v2\/media\/8059"}],"wp:attachment":[{"href":"https:\/\/www.promotio.sk\/sk\/wp-json\/wp\/v2\/media?parent=8058"}],"wp:term":[{"taxonomy":"product_cat","embeddable":true,"href":"https:\/\/www.promotio.sk\/sk\/wp-json\/wp\/v2\/product_cat?post=8058"},{"taxonomy":"product_tag","embeddable":true,"href":"https:\/\/www.promotio.sk\/sk\/wp-json\/wp\/v2\/product_tag?post=8058"}],"curies":[{"name":"wp","href":"https:\/\/api.w.org\/{rel}","templated":true}]}}