{"id":8041,"date":"2024-03-06T18:27:48","date_gmt":"2024-03-06T17:27:48","guid":{"rendered":"https:\/\/www.promotio.sk\/shop\/uncategorized\/zagreb\/"},"modified":"2025-04-12T15:58:19","modified_gmt":"2025-04-12T13:58:19","slug":"zagreb","status":"publish","type":"product","link":"https:\/\/www.promotio.sk\/sk\/shop\/promo-items\/writing_office\/pens\/zagreb\/","title":{"rendered":"Z\u00c1HREB"},"content":{"rendered":"<p>\u0160peci\u00e1lne gumen\u00e9 pero na laserov\u00e9 zna\u010denie je v\u0161estrann\u00fd a funk\u010dn\u00fd n\u00e1stroj. Jeho ergonomick\u00fd dizajn a pogumovan\u00fd povrch poskytuj\u00fa pocit m\u00e4kkosti a pohodlia pri p\u00edsan\u00ed.<br \/>\nToto pero v\u00e1m nielen\u017ee umo\u017e\u0148uje plynul\u00e9 p\u00edsanie pozn\u00e1mok pomocou vysokokvalitn\u00e9ho modr\u00e9ho atramentu, ale m\u00e1 aj dotykov\u00fd ukazovate\u013e na opa\u010dnom konci. Dotykov\u00fd ukazovate\u013e je ide\u00e1lny pre zariadenia s dotykovou obrazovkou, preto\u017ee v\u00e1m umo\u017e\u0148uje presne a plynulo navigova\u0165, p\u00edsa\u0165 alebo kresli\u0165.<br \/>\nOkrem toho je pero \u0161peci\u00e1lne navrhnut\u00e9 pre laserov\u00e9 zna\u010denie, \u010do znamen\u00e1, \u017ee si ho m\u00f4\u017eete prisp\u00f4sobi\u0165 vlastn\u00fdm logom, menom alebo spr\u00e1vou pomocou vysoko presn\u00e9ho laserov\u00e9ho grav\u00edrovania. V\u010faka tomu je skvelou vo\u013ebou ako firemn\u00fd alebo reklamn\u00fd dar\u010dek.<\/p>","protected":false},"excerpt":{"rendered":"<p>The Special Rubber Finish Coated Pen for Laser Marking is a versatile and functional tool. Its ergonomic design and rubber<\/p>","protected":false},"featured_media":8042,"comment_status":"open","ping_status":"closed","template":"","meta":[],"product_cat":[205,39],"product_tag":[],"class_list":{"0":"post-8041","1":"product","2":"type-product","3":"status-publish","4":"has-post-thumbnail","6":"product_cat-pens","7":"product_cat-writing_office","9":"first","10":"instock","11":"shipping-taxable","12":"purchasable","13":"product-type-variable"},"_links":{"self":[{"href":"https:\/\/www.promotio.sk\/sk\/wp-json\/wp\/v2\/product\/8041","targetHints":{"allow":["GET"]}}],"collection":[{"href":"https:\/\/www.promotio.sk\/sk\/wp-json\/wp\/v2\/product"}],"about":[{"href":"https:\/\/www.promotio.sk\/sk\/wp-json\/wp\/v2\/types\/product"}],"replies":[{"embeddable":true,"href":"https:\/\/www.promotio.sk\/sk\/wp-json\/wp\/v2\/comments?post=8041"}],"wp:featuredmedia":[{"embeddable":true,"href":"https:\/\/www.promotio.sk\/sk\/wp-json\/wp\/v2\/media\/8042"}],"wp:attachment":[{"href":"https:\/\/www.promotio.sk\/sk\/wp-json\/wp\/v2\/media?parent=8041"}],"wp:term":[{"taxonomy":"product_cat","embeddable":true,"href":"https:\/\/www.promotio.sk\/sk\/wp-json\/wp\/v2\/product_cat?post=8041"},{"taxonomy":"product_tag","embeddable":true,"href":"https:\/\/www.promotio.sk\/sk\/wp-json\/wp\/v2\/product_tag?post=8041"}],"curies":[{"name":"wp","href":"https:\/\/api.w.org\/{rel}","templated":true}]}}