{"id":8032,"date":"2024-03-06T18:27:10","date_gmt":"2024-03-06T17:27:10","guid":{"rendered":"https:\/\/www.promotio.sk\/shop\/uncategorized\/selkis\/"},"modified":"2024-03-06T18:27:46","modified_gmt":"2024-03-06T17:27:46","slug":"selkis","status":"publish","type":"product","link":"https:\/\/www.promotio.sk\/sk\/shop\/promo-items\/writing_office\/diaries_calendars\/selkis\/","title":{"rendered":"SELKIS"},"content":{"rendered":"<p>Di\u00e1r s polstrovan\u00fdmi obalmi z imit\u00e1cie ko\u017ee s vyryt\u00fdm n\u00edzkym reli\u00e9fom. 320 b\u00e9\u017eov\u00fdch listov plus 4 strany s mapami. Z\u00e1lo\u017eka zodpovedaj\u00faca obalom. Gram\u00e1\u017e papiera: 70 g\/m2.<br \/>Zlo\u017eenie: Murano imit\u00e1cia ko\u017ee a papier.<br \/>Pozn\u00e1mky: Prezent\u00e1cia v samostatnej bielej krabici.<br \/>\nJazyky: \u0161paniel\u010dina, angli\u010dtina, franc\u00faz\u0161tina, portugal\u010dina, talian\u010dina, baski\u010dtina, gal\u00edcij\u010dina a katal\u00e1n\u010dina.<br \/>\nRozmery: 17 x 24 cm.<br \/>\nRozlo\u017eenie: De\u0148\/strana.<\/p>","protected":false},"excerpt":{"rendered":"<p>Diary with padded imitation leather covers engraved in low relief. 320 beige sheets plus 4 pages with maps. Bookmark matching<\/p>","protected":false},"featured_media":8033,"comment_status":"open","ping_status":"closed","template":"","meta":[],"product_cat":[204,39],"product_tag":[],"class_list":{"0":"post-8032","1":"product","2":"type-product","3":"status-publish","4":"has-post-thumbnail","6":"product_cat-diaries_calendars","7":"product_cat-writing_office","9":"first","10":"instock","11":"shipping-taxable","12":"purchasable","13":"product-type-variable"},"_links":{"self":[{"href":"https:\/\/www.promotio.sk\/sk\/wp-json\/wp\/v2\/product\/8032","targetHints":{"allow":["GET"]}}],"collection":[{"href":"https:\/\/www.promotio.sk\/sk\/wp-json\/wp\/v2\/product"}],"about":[{"href":"https:\/\/www.promotio.sk\/sk\/wp-json\/wp\/v2\/types\/product"}],"replies":[{"embeddable":true,"href":"https:\/\/www.promotio.sk\/sk\/wp-json\/wp\/v2\/comments?post=8032"}],"wp:featuredmedia":[{"embeddable":true,"href":"https:\/\/www.promotio.sk\/sk\/wp-json\/wp\/v2\/media\/8033"}],"wp:attachment":[{"href":"https:\/\/www.promotio.sk\/sk\/wp-json\/wp\/v2\/media?parent=8032"}],"wp:term":[{"taxonomy":"product_cat","embeddable":true,"href":"https:\/\/www.promotio.sk\/sk\/wp-json\/wp\/v2\/product_cat?post=8032"},{"taxonomy":"product_tag","embeddable":true,"href":"https:\/\/www.promotio.sk\/sk\/wp-json\/wp\/v2\/product_tag?post=8032"}],"curies":[{"name":"wp","href":"https:\/\/api.w.org\/{rel}","templated":true}]}}