{"id":8013,"date":"2024-03-06T18:25:44","date_gmt":"2024-03-06T17:25:44","guid":{"rendered":"https:\/\/www.promotio.sk\/shop\/uncategorized\/hera\/"},"modified":"2024-03-06T18:27:07","modified_gmt":"2024-03-06T17:27:07","slug":"hera","status":"publish","type":"product","link":"https:\/\/www.promotio.sk\/sk\/shop\/promo-items\/writing_office\/diaries_calendars\/hera\/","title":{"rendered":"HERA"},"content":{"rendered":"<p>\u0160pir\u00e1lov\u00fd kr\u00fa\u017ekov\u00fd di\u00e1r A5. Polstrovan\u00e9 PU kryty s vyryt\u00fdm n\u00edzkym reli\u00e9fom. 348 listov plus 4 strany s mapami. Gram\u00e1\u017e papiera: 60 g\/m2. Biely papier. Rozlo\u017eenie d\u0148a\/str\u00e1nky s vyseknut\u00fdmi rohmi.<br \/>Zlo\u017eenie: PU a papier.<br \/>Pozn\u00e1mky: Jazyky: \u0161paniel\u010dina, angli\u010dtina, franc\u00faz\u0161tina, nem\u010dina, portugal\u010dina, talian\u010dina, baski\u010dtina, gal\u00edcij\u010dina a katal\u00e1n\u010dina.<br \/>\nRozmery: 15 x 21 cm.<br \/>\nRozlo\u017eenie: De\u0148\/Str\u00e1nka.<\/p>","protected":false},"excerpt":{"rendered":"<p>A5 spiral ring diary. Padded PU covers engraved in low relief. 348 sheets plus 4 pages with maps. Paper weight:<\/p>","protected":false},"featured_media":8014,"comment_status":"open","ping_status":"closed","template":"","meta":[],"product_cat":[204,39],"product_tag":[],"class_list":{"0":"post-8013","1":"product","2":"type-product","3":"status-publish","4":"has-post-thumbnail","6":"product_cat-diaries_calendars","7":"product_cat-writing_office","9":"first","10":"instock","11":"shipping-taxable","12":"purchasable","13":"product-type-variable"},"_links":{"self":[{"href":"https:\/\/www.promotio.sk\/sk\/wp-json\/wp\/v2\/product\/8013","targetHints":{"allow":["GET"]}}],"collection":[{"href":"https:\/\/www.promotio.sk\/sk\/wp-json\/wp\/v2\/product"}],"about":[{"href":"https:\/\/www.promotio.sk\/sk\/wp-json\/wp\/v2\/types\/product"}],"replies":[{"embeddable":true,"href":"https:\/\/www.promotio.sk\/sk\/wp-json\/wp\/v2\/comments?post=8013"}],"wp:featuredmedia":[{"embeddable":true,"href":"https:\/\/www.promotio.sk\/sk\/wp-json\/wp\/v2\/media\/8014"}],"wp:attachment":[{"href":"https:\/\/www.promotio.sk\/sk\/wp-json\/wp\/v2\/media?parent=8013"}],"wp:term":[{"taxonomy":"product_cat","embeddable":true,"href":"https:\/\/www.promotio.sk\/sk\/wp-json\/wp\/v2\/product_cat?post=8013"},{"taxonomy":"product_tag","embeddable":true,"href":"https:\/\/www.promotio.sk\/sk\/wp-json\/wp\/v2\/product_tag?post=8013"}],"curies":[{"name":"wp","href":"https:\/\/api.w.org\/{rel}","templated":true}]}}