{"id":38183,"date":"2024-03-19T17:41:46","date_gmt":"2024-03-19T16:41:46","guid":{"rendered":"https:\/\/www.promotio.sk\/shop\/nezaraden\u00e9\/roma\/"},"modified":"2024-03-19T17:45:26","modified_gmt":"2024-03-19T16:45:26","slug":"roma","status":"publish","type":"product","link":"https:\/\/www.promotio.sk\/sk\/shop\/sports\/equip\/roma\/","title":{"rendered":"ROMA"},"content":{"rendered":"<p>Unisex priedu\u0161n\u00fd \u0161portov\u00fd pinnie.<br \/>\n\u00b7 \u0160itie lemu z rovnakej l\u00e1tky v otvoroch na ruk\u00e1voch a krku.<br \/>\n\u00b7 Dvojit\u00e9 pre\u0161\u00edvanie na leme.<br \/>Zlo\u017eenie: 100% polyesterov\u00e1 sie\u0165ovina, 90 g\/m\u00b2<br \/><img decoding=\"async\" src=\"https:\/\/static.gorfactory.es\/pics\/measures\/PT_HO.jpg\"><\/p>","protected":false},"excerpt":{"rendered":"<p>Unisex breathable sports pinnie. \u00b7 Sewing trim in the same fabric in sleeve holes and neck. \u00b7 Double stitching on<\/p>","protected":false},"featured_media":38184,"comment_status":"open","ping_status":"closed","template":"","meta":[],"product_cat":[631],"product_tag":[],"class_list":{"0":"post-38183","1":"product","2":"type-product","3":"status-publish","4":"has-post-thumbnail","6":"product_cat-equip","8":"first","9":"instock","10":"shipping-taxable","11":"purchasable","12":"product-type-variable"},"_links":{"self":[{"href":"https:\/\/www.promotio.sk\/sk\/wp-json\/wp\/v2\/product\/38183","targetHints":{"allow":["GET"]}}],"collection":[{"href":"https:\/\/www.promotio.sk\/sk\/wp-json\/wp\/v2\/product"}],"about":[{"href":"https:\/\/www.promotio.sk\/sk\/wp-json\/wp\/v2\/types\/product"}],"replies":[{"embeddable":true,"href":"https:\/\/www.promotio.sk\/sk\/wp-json\/wp\/v2\/comments?post=38183"}],"wp:featuredmedia":[{"embeddable":true,"href":"https:\/\/www.promotio.sk\/sk\/wp-json\/wp\/v2\/media\/38184"}],"wp:attachment":[{"href":"https:\/\/www.promotio.sk\/sk\/wp-json\/wp\/v2\/media?parent=38183"}],"wp:term":[{"taxonomy":"product_cat","embeddable":true,"href":"https:\/\/www.promotio.sk\/sk\/wp-json\/wp\/v2\/product_cat?post=38183"},{"taxonomy":"product_tag","embeddable":true,"href":"https:\/\/www.promotio.sk\/sk\/wp-json\/wp\/v2\/product_tag?post=38183"}],"curies":[{"name":"wp","href":"https:\/\/api.w.org\/{rel}","templated":true}]}}