{"id":38012,"date":"2024-03-19T17:31:20","date_gmt":"2024-03-19T16:31:20","guid":{"rendered":"https:\/\/www.promotio.sk\/shop\/nezaraden\u00e9\/tamil-woman\/"},"modified":"2024-03-19T17:33:41","modified_gmt":"2024-03-19T16:33:41","slug":"tamil-woman","status":"publish","type":"product","link":"https:\/\/www.promotio.sk\/sk\/shop\/sports\/cam_sp\/tamil-woman\/","title":{"rendered":"TAMILSK\u00c1 \u017dENA"},"content":{"rendered":"<p>Priliehav\u00e1 technick\u00e1 d\u00e1mska poloko\u0161e\u013ea s kr\u00e1tkym ruk\u00e1vom z antibakteri\u00e1lneho recyklovan\u00e9ho polyesteru. 1\u00d71 rebrovan\u00fd golier a detail na lemovan\u00ed ruk\u00e1vov. Zosilnen\u00e9 kryt\u00e9 \u0161vy v golieri. Zap\u00ednanie na 2 gomb\u00edky. Kontrastn\u00e9 detaily a ramen\u00e1. Bo\u010dn\u00e9 rozparky na leme.<br \/>\n<br \/>Zlo\u017eenie: 50% recyklovan\u00fd polyester \/ 50% antibakteri\u00e1lny polyester.<br \/>\nFarba: 140 gsm.<br \/>\n0102 farba: 150 gsm.<br \/>\n<br \/>Pozn\u00e1mky: * Recyklovan\u00e1 tkanina.<br \/>\n* Antibakteri\u00e1lna tkanina.<br \/>\n* Odn\u00edmate\u013en\u00fd \u0161t\u00edtok.<br \/>\n<br \/><img decoding=\"async\" src=\"https:\/\/static.gorfactory.es\/pics\/measures\/PO_MC_MU.jpg\"><\/p>","protected":false},"excerpt":{"rendered":"<p>Fitted technical short-sleeve polo shirt for women in antibacterial recycled polyester. 1&#215;1 ribbed collar and detail in sleeves edging. Reinforced<\/p>","protected":false},"featured_media":38013,"comment_status":"open","ping_status":"closed","template":"","meta":[],"product_cat":[626,623],"product_tag":[],"class_list":{"0":"post-38012","1":"product","2":"type-product","3":"status-publish","4":"has-post-thumbnail","6":"product_cat-sp_polshi","7":"product_cat-cam_sp","9":"first","10":"instock","11":"shipping-taxable","12":"purchasable","13":"product-type-variable"},"_links":{"self":[{"href":"https:\/\/www.promotio.sk\/sk\/wp-json\/wp\/v2\/product\/38012","targetHints":{"allow":["GET"]}}],"collection":[{"href":"https:\/\/www.promotio.sk\/sk\/wp-json\/wp\/v2\/product"}],"about":[{"href":"https:\/\/www.promotio.sk\/sk\/wp-json\/wp\/v2\/types\/product"}],"replies":[{"embeddable":true,"href":"https:\/\/www.promotio.sk\/sk\/wp-json\/wp\/v2\/comments?post=38012"}],"wp:featuredmedia":[{"embeddable":true,"href":"https:\/\/www.promotio.sk\/sk\/wp-json\/wp\/v2\/media\/38013"}],"wp:attachment":[{"href":"https:\/\/www.promotio.sk\/sk\/wp-json\/wp\/v2\/media?parent=38012"}],"wp:term":[{"taxonomy":"product_cat","embeddable":true,"href":"https:\/\/www.promotio.sk\/sk\/wp-json\/wp\/v2\/product_cat?post=38012"},{"taxonomy":"product_tag","embeddable":true,"href":"https:\/\/www.promotio.sk\/sk\/wp-json\/wp\/v2\/product_tag?post=38012"}],"curies":[{"name":"wp","href":"https:\/\/api.w.org\/{rel}","templated":true}]}}