{"id":37547,"date":"2024-03-19T17:03:50","date_gmt":"2024-03-19T16:03:50","guid":{"rendered":"https:\/\/www.promotio.sk\/shop\/nezaraden\u00e9\/juve\/"},"modified":"2024-03-19T17:09:29","modified_gmt":"2024-03-19T16:09:29","slug":"juve","status":"publish","type":"product","link":"https:\/\/www.promotio.sk\/sk\/shop\/sports\/equip\/juve\/","title":{"rendered":"JUVE"},"content":{"rendered":"<p>Unisex \u0161portov\u00fd set pozost\u00e1vaj\u00faci z 2 tri\u010diek + 1 p\u00e1ru \u0161ortiek.<br \/>\n1. Tri\u010dk\u00e1 s potla\u010den\u00fdmi poloragl\u00e1nov\u00fdmi ruk\u00e1vmi.<br \/>\n2. Pos\u00e1dkov\u00fd krk s trikotom na chrbte.<br \/>\n3. Farba druh\u00e9ho tri\u010dka je rie\u0161en\u00e1 opa\u010dne.<br \/>\n4. Elastick\u00fd p\u00e1s na \u0161ortk\u00e1ch so zodpovedaj\u00facou vn\u00fatornou s\u0165ahovacou \u0161n\u00farkou s bezpe\u010dnostn\u00fdm pre\u0161\u00edvan\u00edm.<br \/>\n5. \u0160ortky s kontrastn\u00fdm bo\u010dn\u00fdm pr\u00fa\u017ekom a rozparkami na leme.<br \/>\n<br \/>Zlo\u017eenie: 100% polyester, 140 gsm.<br \/>Pozn\u00e1mky: S\u00faprava bez pono\u017eiek.<br \/>\n* Odn\u00edmate\u013en\u00fd \u0161t\u00edtok.<br \/>\n*Technick\u00e1 tkanina.<br \/>\n*Priedu\u0161n\u00fd model.<br \/>\n*Sada nieko\u013ek\u00fdch kusov.<br \/>\n*3 roky v katal\u00f3gu.<br \/>\n<br \/><img decoding=\"async\" src=\"https:\/\/static.gorfactory.es\/pics\/measures\/CJ_HO.jpg\"><\/p>","protected":false},"excerpt":{"rendered":"<p>Unisex sports set consisting of 2 t-shirts + 1 pair of shorts. 1. T-shirts with printed semi-raglan sleeves. 2. Crew<\/p>","protected":false},"featured_media":37548,"comment_status":"open","ping_status":"closed","template":"","meta":[],"product_cat":[631],"product_tag":[],"class_list":{"0":"post-37547","1":"product","2":"type-product","3":"status-publish","4":"has-post-thumbnail","6":"product_cat-equip","8":"first","9":"instock","10":"shipping-taxable","11":"purchasable","12":"product-type-variable"},"_links":{"self":[{"href":"https:\/\/www.promotio.sk\/sk\/wp-json\/wp\/v2\/product\/37547","targetHints":{"allow":["GET"]}}],"collection":[{"href":"https:\/\/www.promotio.sk\/sk\/wp-json\/wp\/v2\/product"}],"about":[{"href":"https:\/\/www.promotio.sk\/sk\/wp-json\/wp\/v2\/types\/product"}],"replies":[{"embeddable":true,"href":"https:\/\/www.promotio.sk\/sk\/wp-json\/wp\/v2\/comments?post=37547"}],"wp:featuredmedia":[{"embeddable":true,"href":"https:\/\/www.promotio.sk\/sk\/wp-json\/wp\/v2\/media\/37548"}],"wp:attachment":[{"href":"https:\/\/www.promotio.sk\/sk\/wp-json\/wp\/v2\/media?parent=37547"}],"wp:term":[{"taxonomy":"product_cat","embeddable":true,"href":"https:\/\/www.promotio.sk\/sk\/wp-json\/wp\/v2\/product_cat?post=37547"},{"taxonomy":"product_tag","embeddable":true,"href":"https:\/\/www.promotio.sk\/sk\/wp-json\/wp\/v2\/product_tag?post=37547"}],"curies":[{"name":"wp","href":"https:\/\/api.w.org\/{rel}","templated":true}]}}