{"id":37457,"date":"2024-03-19T16:58:33","date_gmt":"2024-03-19T15:58:33","guid":{"rendered":"https:\/\/www.promotio.sk\/shop\/nezaraden\u00e9\/united\/"},"modified":"2024-03-19T17:03:48","modified_gmt":"2024-03-19T16:03:48","slug":"united","status":"publish","type":"product","link":"https:\/\/www.promotio.sk\/sk\/shop\/sports\/equip\/united\/","title":{"rendered":"ZJEDNOTEN\u00c9"},"content":{"rendered":"<p>\u0160portov\u00fd set s tri\u010dkom a \u0161ortkami.<br \/>\n1.- Tri\u010dko s fantazijn\u00fdm dvojit\u00fdm golierom v \u00faprave s v\u00fdstrihom do V a zosilnen\u00fdmi kryt\u00fdmi \u0161vami.<br \/>\n2.- Rameno s kontrastn\u00fdm ornament\u00e1lnym rebrom.<br \/>\n3.- Kr\u00e1tky ruk\u00e1v s kontrastn\u00fdm rebrovan\u00fdm rozparkom a ozdobn\u00fdm mot\u00edvom.<br \/>\n4.- \u0160ortky s elastick\u00fdm p\u00e1som, nastavite\u013enou \u0161n\u00farkou a bezpe\u010dnostn\u00fdm pre\u0161\u00edvan\u00edm na zap\u00ednanie \u0161n\u00farky.<br \/>Zlo\u017eenie: 100% polyester, 140 gsm.<br \/>Pozn\u00e1mky: *S\u00faprava bez pono\u017eiek.<br \/>\n* Odn\u00edmate\u013en\u00fd \u0161t\u00edtok.<br \/>\n* Priedu\u0161n\u00e1 tkanina.<br \/>\n* 2-dielna sada.<br \/>\n* Dostupn\u00e9 v detsk\u00fdch ve\u013ekostiach.<br \/>\n*3 roky v katal\u00f3gu.<br \/><img decoding=\"async\" src=\"https:\/\/static.gorfactory.es\/pics\/measures\/CJ_HO.jpg\"><\/p>","protected":false},"excerpt":{"rendered":"<p>Sports set with t-shirt and shorts. 1.- T-shirt with fantasy double collar in v-neck finish and reinforced covered seams. 2.-<\/p>","protected":false},"featured_media":37458,"comment_status":"open","ping_status":"closed","template":"","meta":[],"product_cat":[631],"product_tag":[],"class_list":{"0":"post-37457","1":"product","2":"type-product","3":"status-publish","4":"has-post-thumbnail","6":"product_cat-equip","8":"first","9":"instock","10":"shipping-taxable","11":"purchasable","12":"product-type-variable"},"_links":{"self":[{"href":"https:\/\/www.promotio.sk\/sk\/wp-json\/wp\/v2\/product\/37457","targetHints":{"allow":["GET"]}}],"collection":[{"href":"https:\/\/www.promotio.sk\/sk\/wp-json\/wp\/v2\/product"}],"about":[{"href":"https:\/\/www.promotio.sk\/sk\/wp-json\/wp\/v2\/types\/product"}],"replies":[{"embeddable":true,"href":"https:\/\/www.promotio.sk\/sk\/wp-json\/wp\/v2\/comments?post=37457"}],"wp:featuredmedia":[{"embeddable":true,"href":"https:\/\/www.promotio.sk\/sk\/wp-json\/wp\/v2\/media\/37458"}],"wp:attachment":[{"href":"https:\/\/www.promotio.sk\/sk\/wp-json\/wp\/v2\/media?parent=37457"}],"wp:term":[{"taxonomy":"product_cat","embeddable":true,"href":"https:\/\/www.promotio.sk\/sk\/wp-json\/wp\/v2\/product_cat?post=37457"},{"taxonomy":"product_tag","embeddable":true,"href":"https:\/\/www.promotio.sk\/sk\/wp-json\/wp\/v2\/product_tag?post=37457"}],"curies":[{"name":"wp","href":"https:\/\/api.w.org\/{rel}","templated":true}]}}