{"id":37383,"date":"2024-03-19T16:54:12","date_gmt":"2024-03-19T15:54:12","guid":{"rendered":"https:\/\/www.promotio.sk\/shop\/nezaraden\u00e9\/racing\/"},"modified":"2024-03-19T16:58:30","modified_gmt":"2024-03-19T15:58:30","slug":"racing","status":"publish","type":"product","link":"https:\/\/www.promotio.sk\/sk\/shop\/sports\/equip\/racing\/","title":{"rendered":"PRETEKY"},"content":{"rendered":"<p>Unisex \u0161portov\u00fd set pozost\u00e1vaj\u00faci z 2 tri\u010diek + 1 p\u00e1ru \u0161ortiek.<br \/>\n1.- Kr\u00e1tke ruk\u00e1vy so \u0161irok\u00fdm kontrastn\u00fdm rebrom.<br \/>\n2.- Farba druh\u00e9ho tri\u010dka je kombinovan\u00e1 opa\u010dne.<br \/>\n3.- Krk s dvojfarebn\u00fdm rebrovan\u00edm a zosilnen\u00fdmi kryt\u00fdmi vn\u00fatorn\u00fdmi \u0161vami.<br \/>\n4.- \u0160ortky s elastick\u00fdm p\u00e1som, zodpovedaj\u00facou vn\u00fatornou s\u0165ahovacou \u0161n\u00farkou a bezpe\u010dnostn\u00fdm pre\u0161\u00edvan\u00edm.<br \/>Zlo\u017eenie: 100% polyester, 140 gsm.<br \/>Pozn\u00e1mky: *S\u00faprava bez pono\u017eiek.<br \/>\n* Odn\u00edmate\u013en\u00fd \u0161t\u00edtok.<br \/>\n* 3-dielna sada.<br \/>\n* Dostupn\u00e9 v detsk\u00fdch ve\u013ekostiach.<br \/>\n*3 roky v katal\u00f3gu.<br \/><img decoding=\"async\" src=\"https:\/\/static.gorfactory.es\/pics\/measures\/CJ_HO.jpg\"><\/p>","protected":false},"excerpt":{"rendered":"<p>Unisex sports set consisting of 2 t-shirts + 1 pair of shorts. 1.- Short-sleeves with wide contrasting rib. 2.- The<\/p>","protected":false},"featured_media":37384,"comment_status":"open","ping_status":"closed","template":"","meta":[],"product_cat":[631],"product_tag":[],"class_list":{"0":"post-37383","1":"product","2":"type-product","3":"status-publish","4":"has-post-thumbnail","6":"product_cat-equip","8":"first","9":"instock","10":"shipping-taxable","11":"purchasable","12":"product-type-variable"},"_links":{"self":[{"href":"https:\/\/www.promotio.sk\/sk\/wp-json\/wp\/v2\/product\/37383","targetHints":{"allow":["GET"]}}],"collection":[{"href":"https:\/\/www.promotio.sk\/sk\/wp-json\/wp\/v2\/product"}],"about":[{"href":"https:\/\/www.promotio.sk\/sk\/wp-json\/wp\/v2\/types\/product"}],"replies":[{"embeddable":true,"href":"https:\/\/www.promotio.sk\/sk\/wp-json\/wp\/v2\/comments?post=37383"}],"wp:featuredmedia":[{"embeddable":true,"href":"https:\/\/www.promotio.sk\/sk\/wp-json\/wp\/v2\/media\/37384"}],"wp:attachment":[{"href":"https:\/\/www.promotio.sk\/sk\/wp-json\/wp\/v2\/media?parent=37383"}],"wp:term":[{"taxonomy":"product_cat","embeddable":true,"href":"https:\/\/www.promotio.sk\/sk\/wp-json\/wp\/v2\/product_cat?post=37383"},{"taxonomy":"product_tag","embeddable":true,"href":"https:\/\/www.promotio.sk\/sk\/wp-json\/wp\/v2\/product_tag?post=37383"}],"curies":[{"name":"wp","href":"https:\/\/api.w.org\/{rel}","templated":true}]}}