{"id":37289,"date":"2024-03-19T16:48:35","date_gmt":"2024-03-19T15:48:35","guid":{"rendered":"https:\/\/www.promotio.sk\/shop\/nezaraden\u00e9\/boca\/"},"modified":"2024-03-19T16:54:10","modified_gmt":"2024-03-19T15:54:10","slug":"boca","status":"publish","type":"product","link":"https:\/\/www.promotio.sk\/sk\/shop\/sports\/equip\/boca\/","title":{"rendered":"BOCA"},"content":{"rendered":"<p>Unisex \u0161portov\u00fd set v kombin\u00e1cii troch l\u00e1tok:<br \/>\n1. Tri\u010dko s golierom a zap\u00ednan\u00edm na patentky.<br \/>\n2. Vn\u00fatro ruk\u00e1va z priedu\u0161nej l\u00e1tky.<br \/>\n3. Bo\u010dn\u00e9 panely a horn\u00fd p\u00e1s ruk\u00e1vov z tkaniny Control-Dry.<br \/>\n4. \u0160ortky s nastavite\u013en\u00fdm p\u00e1som a s\u0165ahovacou \u0161n\u00farkou.<br \/>\n5. Kontrastn\u00e1 vn\u00fatorn\u00e1 \u010das\u0165 nohy a rebra z tkaniny Control-Dry.<br \/>Zlo\u017eenie: Hlavn\u00e1 tkanina: 100% polyester.<br \/>\nPanely: 100% mikroperforovan\u00fd polyester a 100% polyesterov\u00fd vaf\u013eov\u00fd preplet.<br \/>\n140 gsm.<br \/>Pozn\u00e1mky: * Odn\u00edmate\u013en\u00fd \u0161t\u00edtok.<br \/>\n* Priedu\u0161n\u00fd model<br \/>\n* Dostupn\u00e9 v detsk\u00fdch ve\u013ekostiach.<br \/>\n* Trvanie v katal\u00f3gu 3 roky.<br \/><img decoding=\"async\" src=\"https:\/\/static.gorfactory.es\/pics\/measures\/CJ_HO.jpg\"><\/p>","protected":false},"excerpt":{"rendered":"<p>Unisex sports set in a combination of three fabrics: 1. T-shirt with collar and snap button fastening. 2. Interior of<\/p>","protected":false},"featured_media":37290,"comment_status":"open","ping_status":"closed","template":"","meta":[],"product_cat":[631],"product_tag":[],"class_list":{"0":"post-37289","1":"product","2":"type-product","3":"status-publish","4":"has-post-thumbnail","6":"product_cat-equip","8":"first","9":"instock","10":"shipping-taxable","11":"purchasable","12":"product-type-variable"},"_links":{"self":[{"href":"https:\/\/www.promotio.sk\/sk\/wp-json\/wp\/v2\/product\/37289","targetHints":{"allow":["GET"]}}],"collection":[{"href":"https:\/\/www.promotio.sk\/sk\/wp-json\/wp\/v2\/product"}],"about":[{"href":"https:\/\/www.promotio.sk\/sk\/wp-json\/wp\/v2\/types\/product"}],"replies":[{"embeddable":true,"href":"https:\/\/www.promotio.sk\/sk\/wp-json\/wp\/v2\/comments?post=37289"}],"wp:featuredmedia":[{"embeddable":true,"href":"https:\/\/www.promotio.sk\/sk\/wp-json\/wp\/v2\/media\/37290"}],"wp:attachment":[{"href":"https:\/\/www.promotio.sk\/sk\/wp-json\/wp\/v2\/media?parent=37289"}],"wp:term":[{"taxonomy":"product_cat","embeddable":true,"href":"https:\/\/www.promotio.sk\/sk\/wp-json\/wp\/v2\/product_cat?post=37289"},{"taxonomy":"product_tag","embeddable":true,"href":"https:\/\/www.promotio.sk\/sk\/wp-json\/wp\/v2\/product_tag?post=37289"}],"curies":[{"name":"wp","href":"https:\/\/api.w.org\/{rel}","templated":true}]}}