{"id":37197,"date":"2024-03-19T16:43:29","date_gmt":"2024-03-19T15:43:29","guid":{"rendered":"https:\/\/www.promotio.sk\/shop\/nezaraden\u00e9\/creta\/"},"modified":"2024-03-19T16:48:33","modified_gmt":"2024-03-19T15:48:33","slug":"creta","status":"publish","type":"product","link":"https:\/\/www.promotio.sk\/sk\/shop\/sports\/chnd\/creta\/","title":{"rendered":"KRETA"},"content":{"rendered":"<p>Tepl\u00e1kov\u00e1 s\u00faprava s bundou a nohavicami:<br \/>\n1. Vysok\u00fd krk so zodpovedaj\u00facim vn\u00fatorn\u00fdm kryt\u00fdm \u0161vom.<br \/>\n2. 1\u00d71 rebro v golieri, man\u017eet\u00e1ch a leme.<br \/>\n3. Centr\u00e1lny zips s \u0165ah\u00e1\u010dikom.<br \/>\n4. Bo\u010dn\u00e9 vreck\u00e1 bundy so zipsom.<br \/>\n5. Kontrastn\u00e9 bo\u010dn\u00e9 pruhy.<br \/>\n6. Nohavice s elastick\u00fdm p\u00e1som a nastavite\u013enou \u0161n\u00farkou.<br \/>\n7. Dve bo\u010dn\u00e9 vreck\u00e1.<br \/>\n8. Zadn\u00e9 vrecko na zips.<br \/>\n9. 1\u00d71 rebro v spodnej \u010dasti man\u017eety.<br \/>Zlo\u017eenie: 100% polyester, hladk\u00e1 acet\u00e1tov\u00e1 tkanina, 210 gsm.<br \/>Pozn\u00e1mky: * Odn\u00edmate\u013en\u00fd \u0161t\u00edtok.<br \/>\n* Dostupn\u00e9 v detsk\u00fdch ve\u013ekostiach.<br \/>\n* Trvanie v katal\u00f3gu 3 roky.<br \/><img decoding=\"async\" src=\"https:\/\/static.gorfactory.es\/pics\/measures\/CH_HO.jpg\"><\/p>","protected":false},"excerpt":{"rendered":"<p>Tracksuit with jacket and pants: 1. High neck with matching interior covered seam. 2. 1&#215;1 rib in collar, cuffs and<\/p>","protected":false},"featured_media":37198,"comment_status":"open","ping_status":"closed","template":"","meta":[],"product_cat":[625],"product_tag":[],"class_list":{"0":"post-37197","1":"product","2":"type-product","3":"status-publish","4":"has-post-thumbnail","6":"product_cat-chnd","8":"first","9":"instock","10":"shipping-taxable","11":"purchasable","12":"product-type-variable"},"_links":{"self":[{"href":"https:\/\/www.promotio.sk\/sk\/wp-json\/wp\/v2\/product\/37197","targetHints":{"allow":["GET"]}}],"collection":[{"href":"https:\/\/www.promotio.sk\/sk\/wp-json\/wp\/v2\/product"}],"about":[{"href":"https:\/\/www.promotio.sk\/sk\/wp-json\/wp\/v2\/types\/product"}],"replies":[{"embeddable":true,"href":"https:\/\/www.promotio.sk\/sk\/wp-json\/wp\/v2\/comments?post=37197"}],"wp:featuredmedia":[{"embeddable":true,"href":"https:\/\/www.promotio.sk\/sk\/wp-json\/wp\/v2\/media\/37198"}],"wp:attachment":[{"href":"https:\/\/www.promotio.sk\/sk\/wp-json\/wp\/v2\/media?parent=37197"}],"wp:term":[{"taxonomy":"product_cat","embeddable":true,"href":"https:\/\/www.promotio.sk\/sk\/wp-json\/wp\/v2\/product_cat?post=37197"},{"taxonomy":"product_tag","embeddable":true,"href":"https:\/\/www.promotio.sk\/sk\/wp-json\/wp\/v2\/product_tag?post=37197"}],"curies":[{"name":"wp","href":"https:\/\/api.w.org\/{rel}","templated":true}]}}