{"id":37030,"date":"2024-03-19T16:34:04","date_gmt":"2024-03-19T15:34:04","guid":{"rendered":"https:\/\/www.promotio.sk\/shop\/nezaraden\u00e9\/athenas\/"},"modified":"2024-03-19T16:37:36","modified_gmt":"2024-03-19T15:37:36","slug":"athenas","status":"publish","type":"product","link":"https:\/\/www.promotio.sk\/sk\/shop\/sports\/chnd\/athenas\/","title":{"rendered":"ATH\u00c9NY"},"content":{"rendered":"<p>Tepl\u00e1kov\u00e1 s\u00faprava so sakom a nohavicami.<br \/>\n1.- Rol\u00e1k.<br \/>\n2.- Lemovan\u00e9 predn\u00e9 vreck\u00e1.<br \/>\n3.- 1\u00d71 rebro v man\u017eet\u00e1ch a p\u00e1se.<br \/>\n4.- Centr\u00e1lny zips s ozdobn\u00fdmi kontrastn\u00fdmi kryt\u00fdmi \u0161vami.<br \/>\n5.- Nohavice s elastick\u00fdm p\u00e1som a nastavite\u013enou \u0161n\u00farkou s bezpe\u010dnostn\u00fdm pre\u0161\u00edvan\u00edm a dvoma bo\u010dn\u00fdmi vreckami so \u0161irok\u00fdm rebrom.<br \/>\n6.- Pohodln\u00e1 vn\u00fatorn\u00e1 zamatov\u00e1 l\u00e1tka.<br \/>Zlo\u017eenie: 100% polyester, acet\u00e1tov\u00e1 tkanina, 210 gsm.<br \/>Pozn\u00e1mky: *Odn\u00edmate\u013en\u00fd \u0161t\u00edtok.<br \/>\n* 2-dielna sada<br \/>\n* Dostupn\u00e9 v detsk\u00fdch ve\u013ekostiach.<br \/>\n<br \/><img decoding=\"async\" src=\"https:\/\/static.gorfactory.es\/pics\/measures\/CH_HO.jpg\"><\/p>","protected":false},"excerpt":{"rendered":"<p>Tracksuit with jacket and trousers. 1.- Turtleneck. 2.- Trimmed front pockets. 3.- 1&#215;1 rib in cuffs and waist. 4.- Central<\/p>","protected":false},"featured_media":37031,"comment_status":"open","ping_status":"closed","template":"","meta":[],"product_cat":[625],"product_tag":[],"class_list":{"0":"post-37030","1":"product","2":"type-product","3":"status-publish","4":"has-post-thumbnail","6":"product_cat-chnd","8":"first","9":"instock","10":"shipping-taxable","11":"purchasable","12":"product-type-variable"},"_links":{"self":[{"href":"https:\/\/www.promotio.sk\/sk\/wp-json\/wp\/v2\/product\/37030","targetHints":{"allow":["GET"]}}],"collection":[{"href":"https:\/\/www.promotio.sk\/sk\/wp-json\/wp\/v2\/product"}],"about":[{"href":"https:\/\/www.promotio.sk\/sk\/wp-json\/wp\/v2\/types\/product"}],"replies":[{"embeddable":true,"href":"https:\/\/www.promotio.sk\/sk\/wp-json\/wp\/v2\/comments?post=37030"}],"wp:featuredmedia":[{"embeddable":true,"href":"https:\/\/www.promotio.sk\/sk\/wp-json\/wp\/v2\/media\/37031"}],"wp:attachment":[{"href":"https:\/\/www.promotio.sk\/sk\/wp-json\/wp\/v2\/media?parent=37030"}],"wp:term":[{"taxonomy":"product_cat","embeddable":true,"href":"https:\/\/www.promotio.sk\/sk\/wp-json\/wp\/v2\/product_cat?post=37030"},{"taxonomy":"product_tag","embeddable":true,"href":"https:\/\/www.promotio.sk\/sk\/wp-json\/wp\/v2\/product_tag?post=37030"}],"curies":[{"name":"wp","href":"https:\/\/api.w.org\/{rel}","templated":true}]}}