{"id":36938,"date":"2024-03-19T16:28:49","date_gmt":"2024-03-19T15:28:49","guid":{"rendered":"https:\/\/www.promotio.sk\/shop\/nezaraden\u00e9\/esparta\/"},"modified":"2024-03-19T16:34:00","modified_gmt":"2024-03-19T15:34:00","slug":"esparta","status":"publish","type":"product","link":"https:\/\/www.promotio.sk\/sk\/shop\/sports\/chnd\/esparta\/","title":{"rendered":"ESPARTA"},"content":{"rendered":"<p>Tepl\u00e1kov\u00e1 s\u00faprava so sakom a nohavicami.<br \/>\n1.- Vysok\u00fd golier s chr\u00e1ni\u010dom na zips.<br \/>\n2.- Predn\u00e9 vreck\u00e1 s kontrastn\u00fdm rebrom.<br \/>\n3.- 1\u00d71 kontrastn\u00e9 rebro na man\u017eet\u00e1ch a p\u00e1se.<br \/>\n4.- Centr\u00e1lny zips s kryt\u00fdmi \u0161vami.<br \/>\n5.- Nohavice s elastick\u00fdm p\u00e1som a nastavite\u013enou \u0161n\u00farkou s bezpe\u010dnostn\u00fdm pre\u0161\u00edvan\u00edm. Dve bo\u010dn\u00e9 vreck\u00e1 so \u0161irok\u00fdm rebrovan\u00edm.<br \/>\n6.- Pohodln\u00e1 zamatov\u00e1 pod\u0161\u00edvka.<br \/>\n7.- Zips na spodnej \u010dasti nohav\u00edc.<br \/>Zlo\u017eenie: 100% polyester, acet\u00e1tov\u00e1 tkanina, 210 gsm.<br \/>Pozn\u00e1mky: *Odn\u00edmate\u013en\u00fd \u0161t\u00edtok.<br \/>\n*S\u00faprava s r\u00f4znymi kusmi.<br \/>\n* Dostupn\u00e9 v detsk\u00fdch ve\u013ekostiach.<br \/>\n*3 roky v katal\u00f3gu.<br \/><img decoding=\"async\" src=\"https:\/\/static.gorfactory.es\/pics\/measures\/CH_HO.jpg\"><\/p>","protected":false},"excerpt":{"rendered":"<p>Tracksuit with jacket and trousers. 1.- High collar with zip protector. 2.- Front pockets with contrasting rib. 3.- 1&#215;1 contrasting<\/p>","protected":false},"featured_media":36939,"comment_status":"open","ping_status":"closed","template":"","meta":[],"product_cat":[625],"product_tag":[],"class_list":{"0":"post-36938","1":"product","2":"type-product","3":"status-publish","4":"has-post-thumbnail","6":"product_cat-chnd","8":"first","9":"instock","10":"shipping-taxable","11":"purchasable","12":"product-type-variable"},"_links":{"self":[{"href":"https:\/\/www.promotio.sk\/sk\/wp-json\/wp\/v2\/product\/36938","targetHints":{"allow":["GET"]}}],"collection":[{"href":"https:\/\/www.promotio.sk\/sk\/wp-json\/wp\/v2\/product"}],"about":[{"href":"https:\/\/www.promotio.sk\/sk\/wp-json\/wp\/v2\/types\/product"}],"replies":[{"embeddable":true,"href":"https:\/\/www.promotio.sk\/sk\/wp-json\/wp\/v2\/comments?post=36938"}],"wp:featuredmedia":[{"embeddable":true,"href":"https:\/\/www.promotio.sk\/sk\/wp-json\/wp\/v2\/media\/36939"}],"wp:attachment":[{"href":"https:\/\/www.promotio.sk\/sk\/wp-json\/wp\/v2\/media?parent=36938"}],"wp:term":[{"taxonomy":"product_cat","embeddable":true,"href":"https:\/\/www.promotio.sk\/sk\/wp-json\/wp\/v2\/product_cat?post=36938"},{"taxonomy":"product_tag","embeddable":true,"href":"https:\/\/www.promotio.sk\/sk\/wp-json\/wp\/v2\/product_tag?post=36938"}],"curies":[{"name":"wp","href":"https:\/\/api.w.org\/{rel}","templated":true}]}}