{"id":36873,"date":"2024-03-19T16:24:33","date_gmt":"2024-03-19T15:24:33","guid":{"rendered":"https:\/\/www.promotio.sk\/shop\/nezaraden\u00e9\/jada\/"},"modified":"2024-03-19T16:26:21","modified_gmt":"2024-03-19T15:26:21","slug":"jada","status":"publish","type":"product","link":"https:\/\/www.promotio.sk\/sk\/shop\/sports\/cam_sp\/sp_tshi\/jada\/","title":{"rendered":"JADA"},"content":{"rendered":"<p>Technick\u00e9 multi\u0161portov\u00e9 tri\u010dko s ragl\u00e1nov\u00fdmi ruk\u00e1vmi. V\u00fdstrih do V. Bavlnen\u00e1 polyesterov\u00e1 tkanina na dotyk. Vypasovan\u00fd strih. Okr\u00fahly lem. Zodpovedaj\u00face overlockov\u00e9 \u0161vy na leme a ruk\u00e1voch. Vysoko vidite\u013en\u00e9 logo Roly na leme na \u013eavej strane.<br \/>\n<br \/>Zlo\u017eenie: 92% recyklovan\u00fd polyester a 8% elastan, 160 g\/m\u00b2.<br \/>Pozn\u00e1mky: * Odn\u00edmate\u013en\u00fd \u0161t\u00edtok<br \/><img decoding=\"async\" src=\"https:\/\/static.gorfactory.es\/pics\/measures\/CA_MC_MU.jpg\"><\/p>","protected":false},"excerpt":{"rendered":"<p>Technical multi-sports t-shirt with raglan sleeves. V-neck. Cotton touch polyester fabric. Fitted cut. Round-shaped hem. Matching overlocked seams on hem<\/p>","protected":false},"featured_media":36874,"comment_status":"open","ping_status":"closed","template":"","meta":[],"product_cat":[624,623],"product_tag":[],"class_list":{"0":"post-36873","1":"product","2":"type-product","3":"status-publish","4":"has-post-thumbnail","6":"product_cat-sp_tshi","7":"product_cat-cam_sp","9":"first","10":"instock","11":"shipping-taxable","12":"purchasable","13":"product-type-variable"},"_links":{"self":[{"href":"https:\/\/www.promotio.sk\/sk\/wp-json\/wp\/v2\/product\/36873","targetHints":{"allow":["GET"]}}],"collection":[{"href":"https:\/\/www.promotio.sk\/sk\/wp-json\/wp\/v2\/product"}],"about":[{"href":"https:\/\/www.promotio.sk\/sk\/wp-json\/wp\/v2\/types\/product"}],"replies":[{"embeddable":true,"href":"https:\/\/www.promotio.sk\/sk\/wp-json\/wp\/v2\/comments?post=36873"}],"wp:featuredmedia":[{"embeddable":true,"href":"https:\/\/www.promotio.sk\/sk\/wp-json\/wp\/v2\/media\/36874"}],"wp:attachment":[{"href":"https:\/\/www.promotio.sk\/sk\/wp-json\/wp\/v2\/media?parent=36873"}],"wp:term":[{"taxonomy":"product_cat","embeddable":true,"href":"https:\/\/www.promotio.sk\/sk\/wp-json\/wp\/v2\/product_cat?post=36873"},{"taxonomy":"product_tag","embeddable":true,"href":"https:\/\/www.promotio.sk\/sk\/wp-json\/wp\/v2\/product_tag?post=36873"}],"curies":[{"name":"wp","href":"https:\/\/api.w.org\/{rel}","templated":true}]}}