{"id":36759,"date":"2024-03-19T16:17:09","date_gmt":"2024-03-19T15:17:09","guid":{"rendered":"https:\/\/www.promotio.sk\/shop\/nezaraden\u00e9\/avus\/"},"modified":"2024-03-19T16:21:15","modified_gmt":"2024-03-19T15:21:15","slug":"avus","status":"publish","type":"product","link":"https:\/\/www.promotio.sk\/sk\/shop\/sports\/cam_sp\/sp_tshi\/avus\/","title":{"rendered":"AVUS"},"content":{"rendered":"<p>V\u0161e\u0161portov\u00e9 technick\u00e9 tri\u010dko pre \u017eeny s kr\u00e1tkym ruk\u00e1vom v ragl\u00e1novom \u0161t\u00fdle. V\u00fdstrih do V. Polyesterov\u00e1 tkanina, bavlnen\u00fd pocit. Vypasovan\u00fd strih. <br \/>Zlo\u017eenie: 92% polyester \/ 8% elastan, 160 gsm.<br \/>Pozn\u00e1mky: \u013dahko schn\u00faca priedu\u0161n\u00e1 tkanina.<br \/>\n*M\u00e4kk\u00fd dotyk.<br \/>\n* Odn\u00edmate\u013en\u00fd \u0161t\u00edtok.<br \/>\n*Technick\u00e1 tkanina.<br \/>\n*\u010cierna farba m\u00f4\u017ee by\u0165 len vy\u0161\u00edvan\u00e1. Neakceptuje \u017eiadne in\u00e9 prepracovanie.<br \/>\n<br \/><img decoding=\"async\" src=\"https:\/\/static.gorfactory.es\/pics\/measures\/CA_MC_MU.jpg\"><\/p>","protected":false},"excerpt":{"rendered":"<p>All-sports technical t-shirt for women with raglan style short-sleeve. V-neck. Polyester fabric, cotton feel. Fitted cut. Composition: 92% polyester \/<\/p>","protected":false},"featured_media":36760,"comment_status":"open","ping_status":"closed","template":"","meta":[],"product_cat":[624,623],"product_tag":[],"class_list":{"0":"post-36759","1":"product","2":"type-product","3":"status-publish","4":"has-post-thumbnail","6":"product_cat-sp_tshi","7":"product_cat-cam_sp","9":"first","10":"instock","11":"shipping-taxable","12":"purchasable","13":"product-type-variable"},"_links":{"self":[{"href":"https:\/\/www.promotio.sk\/sk\/wp-json\/wp\/v2\/product\/36759","targetHints":{"allow":["GET"]}}],"collection":[{"href":"https:\/\/www.promotio.sk\/sk\/wp-json\/wp\/v2\/product"}],"about":[{"href":"https:\/\/www.promotio.sk\/sk\/wp-json\/wp\/v2\/types\/product"}],"replies":[{"embeddable":true,"href":"https:\/\/www.promotio.sk\/sk\/wp-json\/wp\/v2\/comments?post=36759"}],"wp:featuredmedia":[{"embeddable":true,"href":"https:\/\/www.promotio.sk\/sk\/wp-json\/wp\/v2\/media\/36760"}],"wp:attachment":[{"href":"https:\/\/www.promotio.sk\/sk\/wp-json\/wp\/v2\/media?parent=36759"}],"wp:term":[{"taxonomy":"product_cat","embeddable":true,"href":"https:\/\/www.promotio.sk\/sk\/wp-json\/wp\/v2\/product_cat?post=36759"},{"taxonomy":"product_tag","embeddable":true,"href":"https:\/\/www.promotio.sk\/sk\/wp-json\/wp\/v2\/product_tag?post=36759"}],"curies":[{"name":"wp","href":"https:\/\/api.w.org\/{rel}","templated":true}]}}