{"id":36436,"date":"2024-03-19T15:58:33","date_gmt":"2024-03-19T14:58:33","guid":{"rendered":"https:\/\/www.promotio.sk\/shop\/nezaraden\u00e9\/zolder\/"},"modified":"2024-03-19T16:02:59","modified_gmt":"2024-03-19T15:02:59","slug":"zolder","status":"publish","type":"product","link":"https:\/\/www.promotio.sk\/sk\/shop\/sports\/cam_sp\/sp_tshi\/zolder\/","title":{"rendered":"ZOLDER"},"content":{"rendered":"<p>Technick\u00e9 tri\u010dko s kr\u00e1tkym ruk\u00e1vom.<br \/>\n1.- Pos\u00e1dkov\u00fd krk.<br \/>\n2.- Kombin\u00e1cia dvoch polyesterov\u00fdch tkan\u00edn na chrbte, ramen\u00e1ch a ruk\u00e1voch.<br \/>\n3.- Vpredu l\u00e1tka z vt\u00e1\u010dieho oka a vzadu l\u00e1tka na farbenie vesm\u00edru.<br \/>\n4.- Zadn\u00fd vzor o nie\u010do dlh\u0161\u00ed.<br \/>\n<br \/>Zlo\u017eenie: Predn\u00e1 l\u00e1tka: 100% polyester vt\u00e1\u010die oko. Zadn\u00e1 tkanina: 100% vesm\u00edrny polyester. 135 gsm.<br \/>Pozn\u00e1mky: \u013dahko schn\u00faca priedu\u0161n\u00e1 tkanina.<br \/>\n* Odn\u00edmate\u013en\u00fd \u0161t\u00edtok.<br \/>\n*Technick\u00e1 tkanina.<br \/>\n*Koncept duo.<br \/><img decoding=\"async\" src=\"https:\/\/static.gorfactory.es\/pics\/measures\/CA_MC_HO.jpg\"><\/p>","protected":false},"excerpt":{"rendered":"<p>Short-sleeve technical t-shirt. 1.- Crew neck. 2.- Combination of two polyester fabrics in back, shoulders and sleeves. 3.- Bird&#8217;s eye<\/p>","protected":false},"featured_media":36437,"comment_status":"open","ping_status":"closed","template":"","meta":[],"product_cat":[624,623],"product_tag":[],"class_list":{"0":"post-36436","1":"product","2":"type-product","3":"status-publish","4":"has-post-thumbnail","6":"product_cat-sp_tshi","7":"product_cat-cam_sp","9":"first","10":"instock","11":"shipping-taxable","12":"purchasable","13":"product-type-variable"},"_links":{"self":[{"href":"https:\/\/www.promotio.sk\/sk\/wp-json\/wp\/v2\/product\/36436","targetHints":{"allow":["GET"]}}],"collection":[{"href":"https:\/\/www.promotio.sk\/sk\/wp-json\/wp\/v2\/product"}],"about":[{"href":"https:\/\/www.promotio.sk\/sk\/wp-json\/wp\/v2\/types\/product"}],"replies":[{"embeddable":true,"href":"https:\/\/www.promotio.sk\/sk\/wp-json\/wp\/v2\/comments?post=36436"}],"wp:featuredmedia":[{"embeddable":true,"href":"https:\/\/www.promotio.sk\/sk\/wp-json\/wp\/v2\/media\/36437"}],"wp:attachment":[{"href":"https:\/\/www.promotio.sk\/sk\/wp-json\/wp\/v2\/media?parent=36436"}],"wp:term":[{"taxonomy":"product_cat","embeddable":true,"href":"https:\/\/www.promotio.sk\/sk\/wp-json\/wp\/v2\/product_cat?post=36436"},{"taxonomy":"product_tag","embeddable":true,"href":"https:\/\/www.promotio.sk\/sk\/wp-json\/wp\/v2\/product_tag?post=36436"}],"curies":[{"name":"wp","href":"https:\/\/api.w.org\/{rel}","templated":true}]}}