{"id":35968,"date":"2024-03-19T15:31:09","date_gmt":"2024-03-19T14:31:09","guid":{"rendered":"https:\/\/www.promotio.sk\/shop\/nezaraden\u00e9\/monaco\/"},"modified":"2024-03-19T15:39:17","modified_gmt":"2024-03-19T14:39:17","slug":"monaco","status":"publish","type":"product","link":"https:\/\/www.promotio.sk\/sk\/shop\/sports\/cam_sp\/sp_tshi\/monaco\/","title":{"rendered":"MONACO"},"content":{"rendered":"<p>Unisex technick\u00e9 tri\u010dko s ragl\u00e1nov\u00fdmi ruk\u00e1vmi. Kombin\u00e1cia dvoch l\u00e1tok: uzamykanie vpredu a 3D mrie\u017eka vzadu. M\u00e4kk\u00e1 a prisp\u00f4sobiv\u00e1 tkanina pre lep\u0161\u00ed v\u00fdkon. Kontrastn\u00e9 zosilnen\u00e9 kryt\u00e9 \u0161vy vo fluorovej \u017eltej farbe. Spodn\u00e1 \u010das\u0165 chrbta o nie\u010do dlh\u0161ia ako predn\u00e1 \u010das\u0165.<br \/>Zlo\u017eenie: Predn\u00e1 l\u00e1tka: 100% polyester. Zadn\u00e1 tkanina: 100% 3D mrie\u017ekov\u00fd polyester, 140 gsm.<br \/>Pozn\u00e1mky: \u013dahko schn\u00faci priedu\u0161n\u00fd model.<br \/>\n* Odn\u00edmate\u013en\u00fd \u0161t\u00edtok.<br \/>\n*Technick\u00e1 tkanina.<br \/>\n* Priedu\u0161n\u00e1.<br \/>\n<br \/><img decoding=\"async\" src=\"https:\/\/static.gorfactory.es\/pics\/measures\/CA_MC_HO.jpg\"><\/p>","protected":false},"excerpt":{"rendered":"<p>Unisex technical t-shirt with raglan sleeves. Two-fabric combination: interlock on front and 3D grid on back. Soft and adaptable fabric<\/p>","protected":false},"featured_media":35969,"comment_status":"open","ping_status":"closed","template":"","meta":[],"product_cat":[624,623],"product_tag":[],"class_list":{"0":"post-35968","1":"product","2":"type-product","3":"status-publish","4":"has-post-thumbnail","6":"product_cat-sp_tshi","7":"product_cat-cam_sp","9":"first","10":"instock","11":"shipping-taxable","12":"purchasable","13":"product-type-variable"},"_links":{"self":[{"href":"https:\/\/www.promotio.sk\/sk\/wp-json\/wp\/v2\/product\/35968","targetHints":{"allow":["GET"]}}],"collection":[{"href":"https:\/\/www.promotio.sk\/sk\/wp-json\/wp\/v2\/product"}],"about":[{"href":"https:\/\/www.promotio.sk\/sk\/wp-json\/wp\/v2\/types\/product"}],"replies":[{"embeddable":true,"href":"https:\/\/www.promotio.sk\/sk\/wp-json\/wp\/v2\/comments?post=35968"}],"wp:featuredmedia":[{"embeddable":true,"href":"https:\/\/www.promotio.sk\/sk\/wp-json\/wp\/v2\/media\/35969"}],"wp:attachment":[{"href":"https:\/\/www.promotio.sk\/sk\/wp-json\/wp\/v2\/media?parent=35968"}],"wp:term":[{"taxonomy":"product_cat","embeddable":true,"href":"https:\/\/www.promotio.sk\/sk\/wp-json\/wp\/v2\/product_cat?post=35968"},{"taxonomy":"product_tag","embeddable":true,"href":"https:\/\/www.promotio.sk\/sk\/wp-json\/wp\/v2\/product_tag?post=35968"}],"curies":[{"name":"wp","href":"https:\/\/api.w.org\/{rel}","templated":true}]}}