{"id":35695,"date":"2024-03-19T15:13:44","date_gmt":"2024-03-19T14:13:44","guid":{"rendered":"https:\/\/www.promotio.sk\/shop\/nezaraden\u00e9\/camimera\/"},"modified":"2024-03-19T15:24:17","modified_gmt":"2024-03-19T14:24:17","slug":"camimera","status":"publish","type":"product","link":"https:\/\/www.promotio.sk\/sk\/shop\/sports\/cam_sp\/sp_tshi\/camimera\/","title":{"rendered":"CAMIMERA"},"content":{"rendered":"<p>Technick\u00e9 tri\u010dko s kr\u00e1tkym ruk\u00e1vom a v\u00fdstrihom. Dostupn\u00e9 v r\u00f4znych farb\u00e1ch a ve\u013ekostiach.<br \/>Zlo\u017eenie: 100% polyester pik\u00e9, 135 g\/m2.<br \/>Pozn\u00e1mky: *Priedu\u0161n\u00e1, \u013eahko um\u00fdvate\u013en\u00e1 a such\u00e1 tkanina.<br \/>\n* Odn\u00edmate\u013en\u00fd \u0161t\u00edtok.<br \/>\n*Technick\u00e1 tkanina.<br \/>\n* Dostupn\u00e9 v detsk\u00fdch ve\u013ekostiach.<br \/><img decoding=\"async\" src=\"https:\/\/static.gorfactory.es\/pics\/measures\/CA_MC_HO.jpg\"><\/p>","protected":false},"excerpt":{"rendered":"<p>Short-sleeve technical t-shirt with crew neck. Available in different colours and sizes.Composition: 100% polyester piqu\u00e9, 135 gsm.Remarks: *Breathable, easy-wash and<\/p>","protected":false},"featured_media":35696,"comment_status":"open","ping_status":"closed","template":"","meta":[],"product_cat":[624,623],"product_tag":[],"class_list":{"0":"post-35695","1":"product","2":"type-product","3":"status-publish","4":"has-post-thumbnail","6":"product_cat-sp_tshi","7":"product_cat-cam_sp","9":"first","10":"instock","11":"shipping-taxable","12":"purchasable","13":"product-type-variable"},"_links":{"self":[{"href":"https:\/\/www.promotio.sk\/sk\/wp-json\/wp\/v2\/product\/35695","targetHints":{"allow":["GET"]}}],"collection":[{"href":"https:\/\/www.promotio.sk\/sk\/wp-json\/wp\/v2\/product"}],"about":[{"href":"https:\/\/www.promotio.sk\/sk\/wp-json\/wp\/v2\/types\/product"}],"replies":[{"embeddable":true,"href":"https:\/\/www.promotio.sk\/sk\/wp-json\/wp\/v2\/comments?post=35695"}],"wp:featuredmedia":[{"embeddable":true,"href":"https:\/\/www.promotio.sk\/sk\/wp-json\/wp\/v2\/media\/35696"}],"wp:attachment":[{"href":"https:\/\/www.promotio.sk\/sk\/wp-json\/wp\/v2\/media?parent=35695"}],"wp:term":[{"taxonomy":"product_cat","embeddable":true,"href":"https:\/\/www.promotio.sk\/sk\/wp-json\/wp\/v2\/product_cat?post=35695"},{"taxonomy":"product_tag","embeddable":true,"href":"https:\/\/www.promotio.sk\/sk\/wp-json\/wp\/v2\/product_tag?post=35695"}],"curies":[{"name":"wp","href":"https:\/\/api.w.org\/{rel}","templated":true}]}}