{"id":35500,"date":"2024-03-19T14:16:27","date_gmt":"2024-03-19T13:16:27","guid":{"rendered":"https:\/\/www.promotio.sk\/shop\/nezaraden\u00e9\/sochi\/"},"modified":"2024-03-19T14:18:09","modified_gmt":"2024-03-19T13:18:09","slug":"sochi","status":"publish","type":"product","link":"https:\/\/www.promotio.sk\/sk\/shop\/sports\/cam_sp\/sp_tshi\/sochi\/","title":{"rendered":"SO\u010cI"},"content":{"rendered":"<p>Technick\u00e9 tri\u010dko s ragl\u00e1nov\u00fdmi ruk\u00e1vmi a sublimovan\u00fdmi panelmi. Recyklovan\u00fd polyester CONTROL-DRY. Overlockov\u00fd \u0161ev vo farbe fluor (okrem bielej farby 183). Vysoko vidite\u013en\u00e9 detaily a padnut\u00fd chvost. \u0160t\u00edtok s logom ECO na ruk\u00e1ve.<br \/>\n<br \/>Zlo\u017eenie: 50% recyklovan\u00fd polyester \/ 50% polyester, wafle interlock. 135 gsm.<br \/>Pozn\u00e1mky: *Odn\u00edmate\u013en\u00fd ECO \u0161t\u00edtok.<br \/>\n* Jednotliv\u00e9 recyklovan\u00e9 obaly.<br \/>\n*Technick\u00e1 tkanina.<br \/>\n* Kontroln\u00e9 su\u0161enie.<br \/>\n*Koncept duo.<br \/>\n* UV ochrann\u00fd faktor pod\u013ea farby.<br \/><img decoding=\"async\" src=\"https:\/\/static.gorfactory.es\/pics\/measures\/CA_MC_HO.jpg\"><\/p>","protected":false},"excerpt":{"rendered":"<p>Raglan sleeves technical t-shirt with sublimated panels. Recycled CONTROL-DRY polyester. Overlocked seam in fluor (except in 183 white colour). High-visibility<\/p>","protected":false},"featured_media":35501,"comment_status":"open","ping_status":"closed","template":"","meta":[],"product_cat":[624,623],"product_tag":[],"class_list":{"0":"post-35500","1":"product","2":"type-product","3":"status-publish","4":"has-post-thumbnail","6":"product_cat-sp_tshi","7":"product_cat-cam_sp","9":"first","10":"instock","11":"shipping-taxable","12":"purchasable","13":"product-type-variable"},"_links":{"self":[{"href":"https:\/\/www.promotio.sk\/sk\/wp-json\/wp\/v2\/product\/35500","targetHints":{"allow":["GET"]}}],"collection":[{"href":"https:\/\/www.promotio.sk\/sk\/wp-json\/wp\/v2\/product"}],"about":[{"href":"https:\/\/www.promotio.sk\/sk\/wp-json\/wp\/v2\/types\/product"}],"replies":[{"embeddable":true,"href":"https:\/\/www.promotio.sk\/sk\/wp-json\/wp\/v2\/comments?post=35500"}],"wp:featuredmedia":[{"embeddable":true,"href":"https:\/\/www.promotio.sk\/sk\/wp-json\/wp\/v2\/media\/35501"}],"wp:attachment":[{"href":"https:\/\/www.promotio.sk\/sk\/wp-json\/wp\/v2\/media?parent=35500"}],"wp:term":[{"taxonomy":"product_cat","embeddable":true,"href":"https:\/\/www.promotio.sk\/sk\/wp-json\/wp\/v2\/product_cat?post=35500"},{"taxonomy":"product_tag","embeddable":true,"href":"https:\/\/www.promotio.sk\/sk\/wp-json\/wp\/v2\/product_tag?post=35500"}],"curies":[{"name":"wp","href":"https:\/\/api.w.org\/{rel}","templated":true}]}}