{"id":35160,"date":"2024-03-19T13:54:30","date_gmt":"2024-03-19T12:54:30","guid":{"rendered":"https:\/\/www.promotio.sk\/shop\/nezaraden\u00e9\/montecarlo-woman\/"},"modified":"2024-03-19T14:01:42","modified_gmt":"2024-03-19T13:01:42","slug":"montecarlo-woman","status":"publish","type":"product","link":"https:\/\/www.promotio.sk\/sk\/shop\/sports\/cam_sp\/sp_tshi\/montecarlo-woman\/","title":{"rendered":"\u017dENA MONTECARLO"},"content":{"rendered":"<p>Vypasovan\u00e9 technick\u00e9 tri\u010dko s kr\u00e1tkym ruk\u00e1vom. Krk so zodpovedaj\u00facimi kryt\u00fdmi \u0161vami.<br \/>Zlo\u017eenie: 100% polyester pik\u00e9, 150 g\/m2.  <br \/>Pozn\u00e1mky: * \u013dahko um\u00fdvate\u013en\u00e1 a such\u00e1 priedu\u0161n\u00e1 tkanina.<br \/>\n* Odn\u00edmate\u013en\u00fd \u0161t\u00edtok..<br \/>\n*Technick\u00e1 tkanina.<br \/>\n*Ultrafialov\u00fd ochrann\u00fd faktor pod\u013ea farieb.<br \/>\n*Koncept duo.<br \/><img decoding=\"async\" src=\"https:\/\/static.gorfactory.es\/pics\/measures\/CA_MC_MU.jpg\"><\/p>","protected":false},"excerpt":{"rendered":"<p>Fitted short-sleeve technical t-shirt. Crew neck with matching covered seams.Composition: 100% polyester piqu\u00e9, 150 gsm. Remarks: *Easy-wash and dry breathable<\/p>","protected":false},"featured_media":35161,"comment_status":"open","ping_status":"closed","template":"","meta":[],"product_cat":[624,623],"product_tag":[],"class_list":{"0":"post-35160","1":"product","2":"type-product","3":"status-publish","4":"has-post-thumbnail","6":"product_cat-sp_tshi","7":"product_cat-cam_sp","9":"first","10":"instock","11":"shipping-taxable","12":"purchasable","13":"product-type-variable"},"_links":{"self":[{"href":"https:\/\/www.promotio.sk\/sk\/wp-json\/wp\/v2\/product\/35160","targetHints":{"allow":["GET"]}}],"collection":[{"href":"https:\/\/www.promotio.sk\/sk\/wp-json\/wp\/v2\/product"}],"about":[{"href":"https:\/\/www.promotio.sk\/sk\/wp-json\/wp\/v2\/types\/product"}],"replies":[{"embeddable":true,"href":"https:\/\/www.promotio.sk\/sk\/wp-json\/wp\/v2\/comments?post=35160"}],"wp:featuredmedia":[{"embeddable":true,"href":"https:\/\/www.promotio.sk\/sk\/wp-json\/wp\/v2\/media\/35161"}],"wp:attachment":[{"href":"https:\/\/www.promotio.sk\/sk\/wp-json\/wp\/v2\/media?parent=35160"}],"wp:term":[{"taxonomy":"product_cat","embeddable":true,"href":"https:\/\/www.promotio.sk\/sk\/wp-json\/wp\/v2\/product_cat?post=35160"},{"taxonomy":"product_tag","embeddable":true,"href":"https:\/\/www.promotio.sk\/sk\/wp-json\/wp\/v2\/product_tag?post=35160"}],"curies":[{"name":"wp","href":"https:\/\/api.w.org\/{rel}","templated":true}]}}