{"id":34986,"date":"2024-03-19T13:43:47","date_gmt":"2024-03-19T12:43:47","guid":{"rendered":"https:\/\/www.promotio.sk\/shop\/nezaraden\u00e9\/sepang\/"},"modified":"2024-03-19T13:46:48","modified_gmt":"2024-03-19T12:46:48","slug":"sepang","status":"publish","type":"product","link":"https:\/\/www.promotio.sk\/sk\/shop\/sports\/cam_sp\/sp_tshi\/sepang\/","title":{"rendered":"SEPANG"},"content":{"rendered":"<p>Technick\u00e9 ragl\u00e1nov\u00e9 tri\u010dko s kr\u00e1tkym ruk\u00e1vom z jednoduch\u00e9ho d\u017eerseja.<br \/>\n1.- Kontrastn\u00e9 \u0161vy na man\u017eet\u00e1ch, p\u00e1se, golieri a bokoch.<br \/>\n2.- Krk zdoben\u00fd rovnakou l\u00e1tkou.<br \/>\n3.- Priedu\u0161n\u00e1 tkanina, ktor\u00e1 sa \u013eahko um\u00fdva a su\u0161\u00ed.<br \/>\n4.- Vysoko vidite\u013en\u00e9 detaily, okrem \u010diernej a kr\u00e1\u013eovskej farby, v ktorej je tento detail \u017elt\u00fd, nereflexn\u00fd.<br \/>Zlo\u017eenie: 100% polyester, single jersey, 150 gsm.<br \/>Pozn\u00e1mky: *Odn\u00edmate\u013en\u00fd \u0161t\u00edtok.<br \/>\n*Technick\u00e1 tkanina.<br \/>\n* Priedu\u0161n\u00e1 tkanina.<br \/>\n<br \/><img decoding=\"async\" src=\"https:\/\/static.gorfactory.es\/pics\/measures\/CA_MC_HO.jpg\"><\/p>","protected":false},"excerpt":{"rendered":"<p>Short-sleeve technical raglan t-shirt in single jersey. 1.- Contrasting seams in cuffs, waist, collar and sides. 2.- Neck trimmed in<\/p>","protected":false},"featured_media":34987,"comment_status":"open","ping_status":"closed","template":"","meta":[],"product_cat":[624,623],"product_tag":[],"class_list":{"0":"post-34986","1":"product","2":"type-product","3":"status-publish","4":"has-post-thumbnail","6":"product_cat-sp_tshi","7":"product_cat-cam_sp","9":"first","10":"instock","11":"shipping-taxable","12":"purchasable","13":"product-type-variable"},"_links":{"self":[{"href":"https:\/\/www.promotio.sk\/sk\/wp-json\/wp\/v2\/product\/34986","targetHints":{"allow":["GET"]}}],"collection":[{"href":"https:\/\/www.promotio.sk\/sk\/wp-json\/wp\/v2\/product"}],"about":[{"href":"https:\/\/www.promotio.sk\/sk\/wp-json\/wp\/v2\/types\/product"}],"replies":[{"embeddable":true,"href":"https:\/\/www.promotio.sk\/sk\/wp-json\/wp\/v2\/comments?post=34986"}],"wp:featuredmedia":[{"embeddable":true,"href":"https:\/\/www.promotio.sk\/sk\/wp-json\/wp\/v2\/media\/34987"}],"wp:attachment":[{"href":"https:\/\/www.promotio.sk\/sk\/wp-json\/wp\/v2\/media?parent=34986"}],"wp:term":[{"taxonomy":"product_cat","embeddable":true,"href":"https:\/\/www.promotio.sk\/sk\/wp-json\/wp\/v2\/product_cat?post=34986"},{"taxonomy":"product_tag","embeddable":true,"href":"https:\/\/www.promotio.sk\/sk\/wp-json\/wp\/v2\/product_tag?post=34986"}],"curies":[{"name":"wp","href":"https:\/\/api.w.org\/{rel}","templated":true}]}}