{"id":34936,"date":"2024-03-19T13:40:24","date_gmt":"2024-03-19T12:40:24","guid":{"rendered":"https:\/\/www.promotio.sk\/shop\/nezaraden\u00e9\/porto\/"},"modified":"2024-03-19T13:43:46","modified_gmt":"2024-03-19T12:43:46","slug":"porto","status":"publish","type":"product","link":"https:\/\/www.promotio.sk\/sk\/shop\/sports\/equip\/porto\/","title":{"rendered":"PORTO"},"content":{"rendered":"<p>Unisex brank\u00e1rsky top.<br \/>\n1. Dlh\u00e9 ruk\u00e1vy s pre\u0161\u00edvan\u00fdmi vypch\u00e1vkami na ruk\u00e1voch.<br \/>\n2. Kontrastn\u00e9 panely vo vn\u00fatri ruk\u00e1vov.<br \/>\n3. Kontrastn\u00fd detail na zadnom golieri a man\u017eet\u00e1ch.<br \/>Zlo\u017eenie: 100% polyester, 160 gsm.<br \/>Pozn\u00e1mky: *Odn\u00edmate\u013en\u00fd \u0161t\u00edtok.<br \/>\n*Technick\u00e1 tkanina.<br \/>\n* Priedu\u0161n\u00e1.<br \/>\n<br \/><img decoding=\"async\" src=\"https:\/\/static.gorfactory.es\/pics\/measures\/CA_MC_HO.jpg\"><\/p>","protected":false},"excerpt":{"rendered":"<p>Unisex goalkeeper top. 1. Long-sleeves with quilted pads on sleeves. 2. Contrasting panels inside sleeves. 3. Contrasting detail on the<\/p>","protected":false},"featured_media":34937,"comment_status":"open","ping_status":"closed","template":"","meta":[],"product_cat":[631],"product_tag":[],"class_list":{"0":"post-34936","1":"product","2":"type-product","3":"status-publish","4":"has-post-thumbnail","6":"product_cat-equip","8":"first","9":"instock","10":"shipping-taxable","11":"purchasable","12":"product-type-variable"},"_links":{"self":[{"href":"https:\/\/www.promotio.sk\/sk\/wp-json\/wp\/v2\/product\/34936","targetHints":{"allow":["GET"]}}],"collection":[{"href":"https:\/\/www.promotio.sk\/sk\/wp-json\/wp\/v2\/product"}],"about":[{"href":"https:\/\/www.promotio.sk\/sk\/wp-json\/wp\/v2\/types\/product"}],"replies":[{"embeddable":true,"href":"https:\/\/www.promotio.sk\/sk\/wp-json\/wp\/v2\/comments?post=34936"}],"wp:featuredmedia":[{"embeddable":true,"href":"https:\/\/www.promotio.sk\/sk\/wp-json\/wp\/v2\/media\/34937"}],"wp:attachment":[{"href":"https:\/\/www.promotio.sk\/sk\/wp-json\/wp\/v2\/media?parent=34936"}],"wp:term":[{"taxonomy":"product_cat","embeddable":true,"href":"https:\/\/www.promotio.sk\/sk\/wp-json\/wp\/v2\/product_cat?post=34936"},{"taxonomy":"product_tag","embeddable":true,"href":"https:\/\/www.promotio.sk\/sk\/wp-json\/wp\/v2\/product_tag?post=34936"}],"curies":[{"name":"wp","href":"https:\/\/api.w.org\/{rel}","templated":true}]}}