{"id":34789,"date":"2024-03-19T13:29:55","date_gmt":"2024-03-19T12:29:55","guid":{"rendered":"https:\/\/www.promotio.sk\/shop\/nezaraden\u00e9\/bahrain-woman\/"},"modified":"2024-03-19T13:40:22","modified_gmt":"2024-03-19T12:40:22","slug":"bahrain-woman","status":"publish","type":"product","link":"https:\/\/www.promotio.sk\/sk\/shop\/sports\/cam_sp\/sp_tshi\/bahrain-woman\/","title":{"rendered":"BAHR\u00c1NSK\u00c1 \u017dENA"},"content":{"rendered":"<p>Technick\u00e9 ragl\u00e1nov\u00e9 tri\u010dko z l\u00e1tky CONTROL-DRY. Krk so zodpovedaj\u00facimi kryt\u00fdmi \u0161vami. Panely ruk\u00e1vov. Zodpovedaj\u00faci overlock v oblasti prieramkov a ruk\u00e1vov. <br \/>Zlo\u017eenie: 100% polyester, waffle interlock, 135 gsm.<br \/>Pozn\u00e1mky: *Odn\u00edmate\u013en\u00fd \u0161t\u00edtok.<br \/>\n*Technick\u00e1 tkanina.<br \/>\n* Kontroln\u00e9 su\u0161enie.<br \/>\n*Koncept duo.<br \/>\n* UV ochrann\u00fd faktor pod\u013ea farby.<br \/><img decoding=\"async\" src=\"https:\/\/static.gorfactory.es\/pics\/measures\/CA_MC_MU.jpg\"><\/p>","protected":false},"excerpt":{"rendered":"<p>Technical raglan t-shirt in CONTROL-DRY fabric. Crew neck with matching covered seams. Sleeve panels. Matching overlock in armhole and sleeve<\/p>","protected":false},"featured_media":34790,"comment_status":"open","ping_status":"closed","template":"","meta":[],"product_cat":[624,623],"product_tag":[],"class_list":{"0":"post-34789","1":"product","2":"type-product","3":"status-publish","4":"has-post-thumbnail","6":"product_cat-sp_tshi","7":"product_cat-cam_sp","9":"first","10":"instock","11":"shipping-taxable","12":"purchasable","13":"product-type-variable"},"_links":{"self":[{"href":"https:\/\/www.promotio.sk\/sk\/wp-json\/wp\/v2\/product\/34789","targetHints":{"allow":["GET"]}}],"collection":[{"href":"https:\/\/www.promotio.sk\/sk\/wp-json\/wp\/v2\/product"}],"about":[{"href":"https:\/\/www.promotio.sk\/sk\/wp-json\/wp\/v2\/types\/product"}],"replies":[{"embeddable":true,"href":"https:\/\/www.promotio.sk\/sk\/wp-json\/wp\/v2\/comments?post=34789"}],"wp:featuredmedia":[{"embeddable":true,"href":"https:\/\/www.promotio.sk\/sk\/wp-json\/wp\/v2\/media\/34790"}],"wp:attachment":[{"href":"https:\/\/www.promotio.sk\/sk\/wp-json\/wp\/v2\/media?parent=34789"}],"wp:term":[{"taxonomy":"product_cat","embeddable":true,"href":"https:\/\/www.promotio.sk\/sk\/wp-json\/wp\/v2\/product_cat?post=34789"},{"taxonomy":"product_tag","embeddable":true,"href":"https:\/\/www.promotio.sk\/sk\/wp-json\/wp\/v2\/product_tag?post=34789"}],"curies":[{"name":"wp","href":"https:\/\/api.w.org\/{rel}","templated":true}]}}