{"id":34360,"date":"2024-03-19T09:00:38","date_gmt":"2024-03-19T08:00:38","guid":{"rendered":"https:\/\/www.promotio.sk\/shop\/nezaraden\u00e9\/alsen\/"},"modified":"2024-03-19T09:01:35","modified_gmt":"2024-03-19T08:01:35","slug":"alsen","status":"publish","type":"product","link":"https:\/\/www.promotio.sk\/sk\/shop\/promo-items\/tools_car-pets-accessoriess\/tools\/alsen\/","title":{"rendered":"ALSEN"},"content":{"rendered":"<p>\u0160krabka na \u013ead v kompaktnom preveden\u00ed. Jeden z\u00fabkovan\u00fd okraj a dva ploch\u00e9.<\/p>","protected":false},"excerpt":{"rendered":"<p>\u0160krabka na \u013ead v kompaktnom preveden\u00ed. Jeden z\u00fabkovan\u00fd okraj a dva ploch\u00e9.<\/p>","protected":false},"featured_media":34361,"comment_status":"open","ping_status":"closed","template":"","meta":[],"product_cat":[609],"product_tag":[],"class_list":{"0":"post-34360","1":"product","2":"type-product","3":"status-publish","4":"has-post-thumbnail","6":"product_cat-tools","8":"first","9":"instock","10":"shipping-taxable","11":"purchasable","12":"product-type-variable"},"_links":{"self":[{"href":"https:\/\/www.promotio.sk\/sk\/wp-json\/wp\/v2\/product\/34360","targetHints":{"allow":["GET"]}}],"collection":[{"href":"https:\/\/www.promotio.sk\/sk\/wp-json\/wp\/v2\/product"}],"about":[{"href":"https:\/\/www.promotio.sk\/sk\/wp-json\/wp\/v2\/types\/product"}],"replies":[{"embeddable":true,"href":"https:\/\/www.promotio.sk\/sk\/wp-json\/wp\/v2\/comments?post=34360"}],"wp:featuredmedia":[{"embeddable":true,"href":"https:\/\/www.promotio.sk\/sk\/wp-json\/wp\/v2\/media\/34361"}],"wp:attachment":[{"href":"https:\/\/www.promotio.sk\/sk\/wp-json\/wp\/v2\/media?parent=34360"}],"wp:term":[{"taxonomy":"product_cat","embeddable":true,"href":"https:\/\/www.promotio.sk\/sk\/wp-json\/wp\/v2\/product_cat?post=34360"},{"taxonomy":"product_tag","embeddable":true,"href":"https:\/\/www.promotio.sk\/sk\/wp-json\/wp\/v2\/product_tag?post=34360"}],"curies":[{"name":"wp","href":"https:\/\/api.w.org\/{rel}","templated":true}]}}