{"id":34352,"date":"2024-03-19T08:59:45","date_gmt":"2024-03-19T07:59:45","guid":{"rendered":"https:\/\/www.promotio.sk\/shop\/nezaraden\u00e9\/turner\/"},"modified":"2024-03-19T09:00:31","modified_gmt":"2024-03-19T08:00:31","slug":"turner","status":"publish","type":"product","link":"https:\/\/www.promotio.sk\/sk\/shop\/promo-items\/tools_car-pets-accessoriess\/tools\/turner\/","title":{"rendered":"S\u00daSTRU\u017dN\u00cdK"},"content":{"rendered":"<p>Sada n\u00e1radia s 20 doplnkami v balen\u00ed: rukov\u00e4\u0165 skrutkova\u010da, vymenite\u013en\u00e9 bity, n\u00e1str\u010dn\u00fd adapt\u00e9r, vymenite\u013en\u00e9 obj\u00edmky, presn\u00e9 skrutkova\u010de a fr\u00e9za. T\u00e1to s\u00faprava n\u00e1radia sa dod\u00e1va v kufr\u00edku v tvare kolesa.<\/p>","protected":false},"excerpt":{"rendered":"<p>Tool set with 20 accessories included: screwdriver handle, interchangeable bits, socket adapter, interchangeable sockets, precision screwdrivers and box cutter. This<\/p>","protected":false},"featured_media":34353,"comment_status":"open","ping_status":"closed","template":"","meta":[],"product_cat":[609],"product_tag":[],"class_list":{"0":"post-34352","1":"product","2":"type-product","3":"status-publish","4":"has-post-thumbnail","6":"product_cat-tools","8":"first","9":"instock","10":"shipping-taxable","11":"purchasable","12":"product-type-variable"},"_links":{"self":[{"href":"https:\/\/www.promotio.sk\/sk\/wp-json\/wp\/v2\/product\/34352","targetHints":{"allow":["GET"]}}],"collection":[{"href":"https:\/\/www.promotio.sk\/sk\/wp-json\/wp\/v2\/product"}],"about":[{"href":"https:\/\/www.promotio.sk\/sk\/wp-json\/wp\/v2\/types\/product"}],"replies":[{"embeddable":true,"href":"https:\/\/www.promotio.sk\/sk\/wp-json\/wp\/v2\/comments?post=34352"}],"wp:featuredmedia":[{"embeddable":true,"href":"https:\/\/www.promotio.sk\/sk\/wp-json\/wp\/v2\/media\/34353"}],"wp:attachment":[{"href":"https:\/\/www.promotio.sk\/sk\/wp-json\/wp\/v2\/media?parent=34352"}],"wp:term":[{"taxonomy":"product_cat","embeddable":true,"href":"https:\/\/www.promotio.sk\/sk\/wp-json\/wp\/v2\/product_cat?post=34352"},{"taxonomy":"product_tag","embeddable":true,"href":"https:\/\/www.promotio.sk\/sk\/wp-json\/wp\/v2\/product_tag?post=34352"}],"curies":[{"name":"wp","href":"https:\/\/api.w.org\/{rel}","templated":true}]}}