{"id":34343,"date":"2024-03-19T08:58:47","date_gmt":"2024-03-19T07:58:47","guid":{"rendered":"https:\/\/www.promotio.sk\/shop\/nezaraden\u00e9\/sorby\/"},"modified":"2024-03-19T08:59:37","modified_gmt":"2024-03-19T07:59:37","slug":"sorby","status":"publish","type":"product","link":"https:\/\/www.promotio.sk\/sk\/shop\/promo-items\/tools_car-pets-accessoriess\/tools\/sorby\/","title":{"rendered":"SORBY"},"content":{"rendered":"<p>Multifunk\u010dn\u00e9 n\u00e1radie z nehrdzavej\u00facej ocele. Kompaktn\u00fd dizajn. 11 funkci\u00ed vr\u00e1tane skrutkova\u010dov a re\u0165azov\u00e9ho n\u00e1radia. Prezent\u00e1cia v dizajnovom boxe.<br \/>Zlo\u017eenie: Acero inoxidable<br \/>Pozn\u00e1mky: Prezent\u00e1cia v dizajnovom boxe.<\/p>","protected":false},"excerpt":{"rendered":"<p>Multi-tool in stainless steel. Compact design. 11 functions, including screwdrivers and chain tool. Presentation in design box.Composition: Acero inoxidableRemarks: Presentation<\/p>","protected":false},"featured_media":34344,"comment_status":"open","ping_status":"closed","template":"","meta":[],"product_cat":[609],"product_tag":[],"class_list":{"0":"post-34343","1":"product","2":"type-product","3":"status-publish","4":"has-post-thumbnail","6":"product_cat-tools","8":"first","9":"instock","10":"shipping-taxable","11":"purchasable","12":"product-type-variable"},"_links":{"self":[{"href":"https:\/\/www.promotio.sk\/sk\/wp-json\/wp\/v2\/product\/34343","targetHints":{"allow":["GET"]}}],"collection":[{"href":"https:\/\/www.promotio.sk\/sk\/wp-json\/wp\/v2\/product"}],"about":[{"href":"https:\/\/www.promotio.sk\/sk\/wp-json\/wp\/v2\/types\/product"}],"replies":[{"embeddable":true,"href":"https:\/\/www.promotio.sk\/sk\/wp-json\/wp\/v2\/comments?post=34343"}],"wp:featuredmedia":[{"embeddable":true,"href":"https:\/\/www.promotio.sk\/sk\/wp-json\/wp\/v2\/media\/34344"}],"wp:attachment":[{"href":"https:\/\/www.promotio.sk\/sk\/wp-json\/wp\/v2\/media?parent=34343"}],"wp:term":[{"taxonomy":"product_cat","embeddable":true,"href":"https:\/\/www.promotio.sk\/sk\/wp-json\/wp\/v2\/product_cat?post=34343"},{"taxonomy":"product_tag","embeddable":true,"href":"https:\/\/www.promotio.sk\/sk\/wp-json\/wp\/v2\/product_tag?post=34343"}],"curies":[{"name":"wp","href":"https:\/\/api.w.org\/{rel}","templated":true}]}}