{"id":34281,"date":"2024-03-19T08:52:56","date_gmt":"2024-03-19T07:52:56","guid":{"rendered":"https:\/\/www.promotio.sk\/shop\/nezaraden\u00e9\/roman\/"},"modified":"2024-03-19T08:53:39","modified_gmt":"2024-03-19T07:53:39","slug":"roman","status":"publish","type":"product","link":"https:\/\/www.promotio.sk\/sk\/shop\/promo-items\/tools_car-pets-accessoriess\/tools\/roman\/","title":{"rendered":"R\u00cdMSKY"},"content":{"rendered":"<p>Multifunk\u010dn\u00e9 n\u00e1radie s nerezov\u00fdmi doplnkami a korkovou rukov\u00e4\u0165ou je v\u0161estrann\u00e9 a praktick\u00e9 n\u00e1radie s viacer\u00fdmi funkciami. So svojimi 9 r\u00f4znymi n\u00e1strojmi v\u00e1m umo\u017en\u00ed vykon\u00e1va\u0165 r\u00f4zne \u00falohy doma aj vonku.<br \/>\nToto multifunk\u010dn\u00e9 n\u00e1radie obsahuje ostr\u00fd nerezov\u00fd n\u00f4\u017e na presn\u00e9 strihanie, no\u017enice na presn\u00fa pr\u00e1cu, skrutkova\u010d na u\u0165ahovanie alebo povo\u013eovanie skrutiek, otv\u00e1ra\u010d na konzervy na otv\u00e1ranie plechoviek, v\u00fdvrtku na vychutnanie si ob\u013e\u00faben\u00fdch n\u00e1pojov a \u010fal\u0161ie doplnkov\u00e9 funkcie. S\u00fa\u010das\u0165ou multifunk\u010dn\u00e9ho n\u00e1radia je aj ko\u017eenkov\u00fd popruh, v\u010faka ktor\u00e9mu ho m\u00f4\u017eete pohodlne nosi\u0165 so sebou.<br \/>\nKorkov\u00e1 rukov\u00e4\u0165 mu dod\u00e1va jedine\u010dn\u00fd a pr\u00edjemn\u00fd dotyk a z\u00e1rove\u0148 predstavuje udr\u017eate\u013en\u00fa mo\u017enos\u0165 pri pou\u017eit\u00ed pr\u00edrodn\u00e9ho a obnovite\u013en\u00e9ho materi\u00e1lu.<br \/>\nPrezent\u00e1cia v eko-dizajnovej krabici zd\u00f4raz\u0148uje trvalo udr\u017eate\u013en\u00fd pr\u00edstup tohto produktu. V\u00fdberom tohto multifunk\u010dn\u00e9ho n\u00e1radia s korkovou rukov\u00e4\u0165ou a jeho predlo\u017een\u00edm v krabi\u010dke s ekologick\u00fdm dizajnom podporujete environment\u00e1lne povedomie a ochranu na\u0161ich pr\u00edrodn\u00fdch zdrojov.<br \/>Zlo\u017eenie: Acero inoxidable, corcho y polipiel.<br \/>Pozn\u00e1mky: Presentaci\u00f3n caja dise\u00f1o eco.<\/p>","protected":false},"excerpt":{"rendered":"<p>The multi-tool with stainless steel accessories and cork handle is a versatile and practical tool with multiple functions. With its<\/p>","protected":false},"featured_media":34282,"comment_status":"open","ping_status":"closed","template":"","meta":[],"product_cat":[609],"product_tag":[],"class_list":{"0":"post-34281","1":"product","2":"type-product","3":"status-publish","4":"has-post-thumbnail","6":"product_cat-tools","8":"first","9":"instock","10":"shipping-taxable","11":"purchasable","12":"product-type-variable"},"_links":{"self":[{"href":"https:\/\/www.promotio.sk\/sk\/wp-json\/wp\/v2\/product\/34281","targetHints":{"allow":["GET"]}}],"collection":[{"href":"https:\/\/www.promotio.sk\/sk\/wp-json\/wp\/v2\/product"}],"about":[{"href":"https:\/\/www.promotio.sk\/sk\/wp-json\/wp\/v2\/types\/product"}],"replies":[{"embeddable":true,"href":"https:\/\/www.promotio.sk\/sk\/wp-json\/wp\/v2\/comments?post=34281"}],"wp:featuredmedia":[{"embeddable":true,"href":"https:\/\/www.promotio.sk\/sk\/wp-json\/wp\/v2\/media\/34282"}],"wp:attachment":[{"href":"https:\/\/www.promotio.sk\/sk\/wp-json\/wp\/v2\/media?parent=34281"}],"wp:term":[{"taxonomy":"product_cat","embeddable":true,"href":"https:\/\/www.promotio.sk\/sk\/wp-json\/wp\/v2\/product_cat?post=34281"},{"taxonomy":"product_tag","embeddable":true,"href":"https:\/\/www.promotio.sk\/sk\/wp-json\/wp\/v2\/product_tag?post=34281"}],"curies":[{"name":"wp","href":"https:\/\/api.w.org\/{rel}","templated":true}]}}