{"id":34264,"date":"2024-03-19T08:51:25","date_gmt":"2024-03-19T07:51:25","guid":{"rendered":"https:\/\/www.promotio.sk\/shop\/nezaraden\u00e9\/flash\/"},"modified":"2024-03-19T08:52:55","modified_gmt":"2024-03-19T07:52:55","slug":"flash","status":"publish","type":"product","link":"https:\/\/www.promotio.sk\/sk\/shop\/promo-items\/tools_car-pets-accessoriess\/tools\/flash\/","title":{"rendered":"BLESK"},"content":{"rendered":"<p>\u0160portov\u00e1 \u010delovka s multifunk\u010dn\u00fdm nastavovac\u00edm popruhom. 8 COB LED svetiel s 3 re\u017eimami svietenia (2 priame + 1 blikanie). Nap\u00e1janie 3 bat\u00e9riami AAA (nie s\u00fa s\u00fa\u010das\u0165ou balenia). <br \/>Zlo\u017eenie: Plast<br \/>Pozn\u00e1mky: 3 AAA bat\u00e9rie nie s\u00fa s\u00fa\u010das\u0165ou balenia.<br \/>\nPrezent\u00e1cia v samostatnom boxe. <\/p>","protected":false},"excerpt":{"rendered":"<p>Sports headlamp with multifunction adjusting strap. 8 COB LED lights with 3 light modes (2 direct + 1 flashing). Powered<\/p>","protected":false},"featured_media":34265,"comment_status":"open","ping_status":"closed","template":"","meta":[],"product_cat":[609],"product_tag":[],"class_list":{"0":"post-34264","1":"product","2":"type-product","3":"status-publish","4":"has-post-thumbnail","6":"product_cat-tools","8":"first","9":"instock","10":"shipping-taxable","11":"purchasable","12":"product-type-variable"},"_links":{"self":[{"href":"https:\/\/www.promotio.sk\/sk\/wp-json\/wp\/v2\/product\/34264","targetHints":{"allow":["GET"]}}],"collection":[{"href":"https:\/\/www.promotio.sk\/sk\/wp-json\/wp\/v2\/product"}],"about":[{"href":"https:\/\/www.promotio.sk\/sk\/wp-json\/wp\/v2\/types\/product"}],"replies":[{"embeddable":true,"href":"https:\/\/www.promotio.sk\/sk\/wp-json\/wp\/v2\/comments?post=34264"}],"wp:featuredmedia":[{"embeddable":true,"href":"https:\/\/www.promotio.sk\/sk\/wp-json\/wp\/v2\/media\/34265"}],"wp:attachment":[{"href":"https:\/\/www.promotio.sk\/sk\/wp-json\/wp\/v2\/media?parent=34264"}],"wp:term":[{"taxonomy":"product_cat","embeddable":true,"href":"https:\/\/www.promotio.sk\/sk\/wp-json\/wp\/v2\/product_cat?post=34264"},{"taxonomy":"product_tag","embeddable":true,"href":"https:\/\/www.promotio.sk\/sk\/wp-json\/wp\/v2\/product_tag?post=34264"}],"curies":[{"name":"wp","href":"https:\/\/api.w.org\/{rel}","templated":true}]}}