{"id":34251,"date":"2024-03-19T08:50:10","date_gmt":"2024-03-19T07:50:10","guid":{"rendered":"https:\/\/www.promotio.sk\/shop\/nezaraden\u00e9\/hale\/"},"modified":"2024-03-19T08:51:22","modified_gmt":"2024-03-19T07:51:22","slug":"hale","status":"publish","type":"product","link":"https:\/\/www.promotio.sk\/sk\/shop\/promo-items\/tools_car-pets-accessoriess\/tools\/hale\/","title":{"rendered":"HALE"},"content":{"rendered":"<p>Bat\u00e9riou nap\u00e1jan\u00e1 1 LED baterka, dostupn\u00e1 v r\u00f4znych farb\u00e1ch kovu, so zodpovedaj\u00facou karab\u00ednou.<br \/>Zlo\u017eenie: hlin\u00edk<br \/>Pozn\u00e1mky: Vr\u00e1tane gomb\u00edkov\u00fdch bat\u00e9ri\u00ed.<\/p>","protected":false},"excerpt":{"rendered":"<p>Battery-powered 1 LED flashlight, available in different metal colours, with matching carabiner.Composition: AluminiumRemarks: Button batteries included.<\/p>","protected":false},"featured_media":34252,"comment_status":"open","ping_status":"closed","template":"","meta":[],"product_cat":[609],"product_tag":[],"class_list":{"0":"post-34251","1":"product","2":"type-product","3":"status-publish","4":"has-post-thumbnail","6":"product_cat-tools","8":"first","9":"instock","10":"shipping-taxable","11":"purchasable","12":"product-type-variable"},"_links":{"self":[{"href":"https:\/\/www.promotio.sk\/sk\/wp-json\/wp\/v2\/product\/34251","targetHints":{"allow":["GET"]}}],"collection":[{"href":"https:\/\/www.promotio.sk\/sk\/wp-json\/wp\/v2\/product"}],"about":[{"href":"https:\/\/www.promotio.sk\/sk\/wp-json\/wp\/v2\/types\/product"}],"replies":[{"embeddable":true,"href":"https:\/\/www.promotio.sk\/sk\/wp-json\/wp\/v2\/comments?post=34251"}],"wp:featuredmedia":[{"embeddable":true,"href":"https:\/\/www.promotio.sk\/sk\/wp-json\/wp\/v2\/media\/34252"}],"wp:attachment":[{"href":"https:\/\/www.promotio.sk\/sk\/wp-json\/wp\/v2\/media?parent=34251"}],"wp:term":[{"taxonomy":"product_cat","embeddable":true,"href":"https:\/\/www.promotio.sk\/sk\/wp-json\/wp\/v2\/product_cat?post=34251"},{"taxonomy":"product_tag","embeddable":true,"href":"https:\/\/www.promotio.sk\/sk\/wp-json\/wp\/v2\/product_tag?post=34251"}],"curies":[{"name":"wp","href":"https:\/\/api.w.org\/{rel}","templated":true}]}}