{"id":34236,"date":"2024-03-19T08:48:51","date_gmt":"2024-03-19T07:48:51","guid":{"rendered":"https:\/\/www.promotio.sk\/shop\/nezaraden\u00e9\/lock\/"},"modified":"2024-03-19T08:50:04","modified_gmt":"2024-03-19T07:50:04","slug":"lock","status":"publish","type":"product","link":"https:\/\/www.promotio.sk\/sk\/shop\/promo-items\/tools_car-pets-accessoriess\/tools\/lock\/","title":{"rendered":"ZAMKN\u00da\u0164"},"content":{"rendered":"<p>Fr\u00e9za so \u0161irokou \u010depe\u013eou a ABS telom. Ergonomick\u00e1 vysek\u00e1van\u00e1 rukov\u00e4\u0165 a odn\u00edmate\u013en\u00fd kryt na rezanie a nastavenie \u010depele.<br \/>Zlo\u017eenie: Plast<\/p>","protected":false},"excerpt":{"rendered":"<p>Cutter with wide blade and ABS body. Ergonomic die-cut grip and removable cap for the cutting and adjustment of the<\/p>","protected":false},"featured_media":34237,"comment_status":"open","ping_status":"closed","template":"","meta":[],"product_cat":[609],"product_tag":[],"class_list":{"0":"post-34236","1":"product","2":"type-product","3":"status-publish","4":"has-post-thumbnail","6":"product_cat-tools","8":"first","9":"instock","10":"shipping-taxable","11":"purchasable","12":"product-type-variable"},"_links":{"self":[{"href":"https:\/\/www.promotio.sk\/sk\/wp-json\/wp\/v2\/product\/34236","targetHints":{"allow":["GET"]}}],"collection":[{"href":"https:\/\/www.promotio.sk\/sk\/wp-json\/wp\/v2\/product"}],"about":[{"href":"https:\/\/www.promotio.sk\/sk\/wp-json\/wp\/v2\/types\/product"}],"replies":[{"embeddable":true,"href":"https:\/\/www.promotio.sk\/sk\/wp-json\/wp\/v2\/comments?post=34236"}],"wp:featuredmedia":[{"embeddable":true,"href":"https:\/\/www.promotio.sk\/sk\/wp-json\/wp\/v2\/media\/34237"}],"wp:attachment":[{"href":"https:\/\/www.promotio.sk\/sk\/wp-json\/wp\/v2\/media?parent=34236"}],"wp:term":[{"taxonomy":"product_cat","embeddable":true,"href":"https:\/\/www.promotio.sk\/sk\/wp-json\/wp\/v2\/product_cat?post=34236"},{"taxonomy":"product_tag","embeddable":true,"href":"https:\/\/www.promotio.sk\/sk\/wp-json\/wp\/v2\/product_tag?post=34236"}],"curies":[{"name":"wp","href":"https:\/\/api.w.org\/{rel}","templated":true}]}}