{"id":34221,"date":"2024-03-19T08:47:33","date_gmt":"2024-03-19T07:47:33","guid":{"rendered":"https:\/\/www.promotio.sk\/shop\/nezaraden\u00e9\/brill\/"},"modified":"2024-03-19T08:48:49","modified_gmt":"2024-03-19T07:48:49","slug":"brill","status":"publish","type":"product","link":"https:\/\/www.promotio.sk\/sk\/shop\/promo-items\/tools_car-pets-accessoriess\/tools\/brill\/","title":{"rendered":"BRILL"},"content":{"rendered":"<p>Svietidlo s 3 LED svetlami a dynamo manu\u00e1lnym nab\u00edjan\u00edm. Dostupn\u00e9 v r\u00f4znych poloprieh\u013eadn\u00fdch farb\u00e1ch, so siv\u00fdm popruhom na pren\u00e1\u0161anie a zodpovedaj\u00facim tla\u010didlom.<br \/>Zlo\u017eenie: Plast<br \/>Pozn\u00e1mky: Prezent\u00e1cia v samostatnej krabici.<\/p>","protected":false},"excerpt":{"rendered":"<p>Flashlight with 3 LED lights and dynamo manual charge. Available in different semitransparent colours, with grey carry strap and matching<\/p>","protected":false},"featured_media":34222,"comment_status":"open","ping_status":"closed","template":"","meta":[],"product_cat":[609],"product_tag":[],"class_list":{"0":"post-34221","1":"product","2":"type-product","3":"status-publish","4":"has-post-thumbnail","6":"product_cat-tools","8":"first","9":"instock","10":"shipping-taxable","11":"purchasable","12":"product-type-variable"},"_links":{"self":[{"href":"https:\/\/www.promotio.sk\/sk\/wp-json\/wp\/v2\/product\/34221","targetHints":{"allow":["GET"]}}],"collection":[{"href":"https:\/\/www.promotio.sk\/sk\/wp-json\/wp\/v2\/product"}],"about":[{"href":"https:\/\/www.promotio.sk\/sk\/wp-json\/wp\/v2\/types\/product"}],"replies":[{"embeddable":true,"href":"https:\/\/www.promotio.sk\/sk\/wp-json\/wp\/v2\/comments?post=34221"}],"wp:featuredmedia":[{"embeddable":true,"href":"https:\/\/www.promotio.sk\/sk\/wp-json\/wp\/v2\/media\/34222"}],"wp:attachment":[{"href":"https:\/\/www.promotio.sk\/sk\/wp-json\/wp\/v2\/media?parent=34221"}],"wp:term":[{"taxonomy":"product_cat","embeddable":true,"href":"https:\/\/www.promotio.sk\/sk\/wp-json\/wp\/v2\/product_cat?post=34221"},{"taxonomy":"product_tag","embeddable":true,"href":"https:\/\/www.promotio.sk\/sk\/wp-json\/wp\/v2\/product_tag?post=34221"}],"curies":[{"name":"wp","href":"https:\/\/api.w.org\/{rel}","templated":true}]}}