{"id":34206,"date":"2024-03-19T08:46:20","date_gmt":"2024-03-19T07:46:20","guid":{"rendered":"https:\/\/www.promotio.sk\/shop\/nezaraden\u00e9\/pick\/"},"modified":"2024-03-19T08:47:30","modified_gmt":"2024-03-19T07:47:30","slug":"pick","status":"publish","type":"product","link":"https:\/\/www.promotio.sk\/sk\/shop\/promo-items\/tools_car-pets-accessoriess\/tools\/pick\/","title":{"rendered":"VYZDVIHN\u00da\u0164"},"content":{"rendered":"<p>Schv\u00e1len\u00fd 5 m flexometer s blokovac\u00edm mechanizmom a kovov\u00fdm h\u00e1\u010dikom. Telo vo farbe gumy, kovov\u00e1 spona a popruh na pren\u00e1\u0161anie. <br \/>Zlo\u017eenie: ABS plast s pogumovan\u00fdm povrchom.<br \/>Pozn\u00e1mky: Certifik\u00e1t CE triedy II.<br \/>\nPrezent\u00e1cia v samostatnom boxe. <\/p>","protected":false},"excerpt":{"rendered":"<p>Schv\u00e1len\u00fd 5 m flexometer s blokovac\u00edm mechanizmom a kovov\u00fdm h\u00e1\u010dikom. Telo vo farbe gumy, kovov\u00e1 spona a popruh na pren\u00e1\u0161anie.<\/p>","protected":false},"featured_media":34207,"comment_status":"open","ping_status":"closed","template":"","meta":[],"product_cat":[609],"product_tag":[],"class_list":{"0":"post-34206","1":"product","2":"type-product","3":"status-publish","4":"has-post-thumbnail","6":"product_cat-tools","8":"first","9":"instock","10":"shipping-taxable","11":"purchasable","12":"product-type-variable"},"_links":{"self":[{"href":"https:\/\/www.promotio.sk\/sk\/wp-json\/wp\/v2\/product\/34206","targetHints":{"allow":["GET"]}}],"collection":[{"href":"https:\/\/www.promotio.sk\/sk\/wp-json\/wp\/v2\/product"}],"about":[{"href":"https:\/\/www.promotio.sk\/sk\/wp-json\/wp\/v2\/types\/product"}],"replies":[{"embeddable":true,"href":"https:\/\/www.promotio.sk\/sk\/wp-json\/wp\/v2\/comments?post=34206"}],"wp:featuredmedia":[{"embeddable":true,"href":"https:\/\/www.promotio.sk\/sk\/wp-json\/wp\/v2\/media\/34207"}],"wp:attachment":[{"href":"https:\/\/www.promotio.sk\/sk\/wp-json\/wp\/v2\/media?parent=34206"}],"wp:term":[{"taxonomy":"product_cat","embeddable":true,"href":"https:\/\/www.promotio.sk\/sk\/wp-json\/wp\/v2\/product_cat?post=34206"},{"taxonomy":"product_tag","embeddable":true,"href":"https:\/\/www.promotio.sk\/sk\/wp-json\/wp\/v2\/product_tag?post=34206"}],"curies":[{"name":"wp","href":"https:\/\/api.w.org\/{rel}","templated":true}]}}