{"id":34191,"date":"2024-03-19T08:45:02","date_gmt":"2024-03-19T07:45:02","guid":{"rendered":"https:\/\/www.promotio.sk\/shop\/nezaraden\u00e9\/rivet\/"},"modified":"2024-03-19T08:46:19","modified_gmt":"2024-03-19T07:46:19","slug":"rivet","status":"publish","type":"product","link":"https:\/\/www.promotio.sk\/sk\/shop\/promo-items\/tools_car-pets-accessoriess\/tools\/rivet\/","title":{"rendered":"NITOVA\u0164"},"content":{"rendered":"<p>Schv\u00e1len\u00fd 3 m flexometer s blokovac\u00edm mechanizmom a kovov\u00fdm h\u00e1\u010dikom. Telo vo farbe gumy, kovov\u00e1 spona a popruh na pren\u00e1\u0161anie. <br \/>Zlo\u017eenie: ABS plast s pogumovan\u00fdm povrchom.<br \/>Pozn\u00e1mky: Certifik\u00e1t CE triedy II.<br \/>\nRozmery flexometra: 15,5 mm (\u0161\u00edrka) x 0,115 mm (hr\u00fabka).<br \/>\nRozmery popruhu: 6 x 130 mm.<br \/>\nPrezent\u00e1cia v samostatnom boxe. <\/p>","protected":false},"excerpt":{"rendered":"<p>Schv\u00e1len\u00fd 3 m flexometer s blokovac\u00edm mechanizmom a kovov\u00fdm h\u00e1\u010dikom. Telo vo farbe gumy, kovov\u00e1 spona a popruh na pren\u00e1\u0161anie.<\/p>","protected":false},"featured_media":34192,"comment_status":"open","ping_status":"closed","template":"","meta":[],"product_cat":[609],"product_tag":[],"class_list":{"0":"post-34191","1":"product","2":"type-product","3":"status-publish","4":"has-post-thumbnail","6":"product_cat-tools","8":"first","9":"instock","10":"shipping-taxable","11":"purchasable","12":"product-type-variable"},"_links":{"self":[{"href":"https:\/\/www.promotio.sk\/sk\/wp-json\/wp\/v2\/product\/34191","targetHints":{"allow":["GET"]}}],"collection":[{"href":"https:\/\/www.promotio.sk\/sk\/wp-json\/wp\/v2\/product"}],"about":[{"href":"https:\/\/www.promotio.sk\/sk\/wp-json\/wp\/v2\/types\/product"}],"replies":[{"embeddable":true,"href":"https:\/\/www.promotio.sk\/sk\/wp-json\/wp\/v2\/comments?post=34191"}],"wp:featuredmedia":[{"embeddable":true,"href":"https:\/\/www.promotio.sk\/sk\/wp-json\/wp\/v2\/media\/34192"}],"wp:attachment":[{"href":"https:\/\/www.promotio.sk\/sk\/wp-json\/wp\/v2\/media?parent=34191"}],"wp:term":[{"taxonomy":"product_cat","embeddable":true,"href":"https:\/\/www.promotio.sk\/sk\/wp-json\/wp\/v2\/product_cat?post=34191"},{"taxonomy":"product_tag","embeddable":true,"href":"https:\/\/www.promotio.sk\/sk\/wp-json\/wp\/v2\/product_tag?post=34191"}],"curies":[{"name":"wp","href":"https:\/\/api.w.org\/{rel}","templated":true}]}}