{"id":34173,"date":"2024-03-19T08:43:12","date_gmt":"2024-03-19T07:43:12","guid":{"rendered":"https:\/\/www.promotio.sk\/shop\/nezaraden\u00e9\/bintal\/"},"modified":"2024-03-19T08:43:59","modified_gmt":"2024-03-19T07:43:59","slug":"bintal","status":"publish","type":"product","link":"https:\/\/www.promotio.sk\/sk\/shop\/promo-items\/tools_car-pets-accessoriess\/tools\/bintal\/","title":{"rendered":"BINTAL"},"content":{"rendered":"<p>Viac\u00fa\u010delov\u00fd zdv\u00edhac\u00ed n\u00f4\u017e s pr\u00edslu\u0161enstvom z nehrdzavej\u00facej ocele a hlavnou kon\u0161trukciou z bambusu. 9 funkci\u00ed. Vr\u00e1tane popruhu na pren\u00e1\u0161anie z imit\u00e1cie ko\u017ee.<br \/>\n<br \/>Zlo\u017eenie: Drevo<br \/>Pozn\u00e1mky: Prezent\u00e1cia v ekologickom boxe.<\/p>","protected":false},"excerpt":{"rendered":"<p>Viac\u00fa\u010delov\u00fd zdv\u00edhac\u00ed n\u00f4\u017e s pr\u00edslu\u0161enstvom z nehrdzavej\u00facej ocele a hlavnou kon\u0161trukciou z bambusu. 9 funkci\u00ed. Vr\u00e1tane popruhu na pren\u00e1\u0161anie z imit\u00e1cie ko\u017ee.<\/p>","protected":false},"featured_media":34174,"comment_status":"open","ping_status":"closed","template":"","meta":[],"product_cat":[609],"product_tag":[],"class_list":{"0":"post-34173","1":"product","2":"type-product","3":"status-publish","4":"has-post-thumbnail","6":"product_cat-tools","8":"first","9":"instock","10":"shipping-taxable","11":"purchasable","12":"product-type-variable"},"_links":{"self":[{"href":"https:\/\/www.promotio.sk\/sk\/wp-json\/wp\/v2\/product\/34173","targetHints":{"allow":["GET"]}}],"collection":[{"href":"https:\/\/www.promotio.sk\/sk\/wp-json\/wp\/v2\/product"}],"about":[{"href":"https:\/\/www.promotio.sk\/sk\/wp-json\/wp\/v2\/types\/product"}],"replies":[{"embeddable":true,"href":"https:\/\/www.promotio.sk\/sk\/wp-json\/wp\/v2\/comments?post=34173"}],"wp:featuredmedia":[{"embeddable":true,"href":"https:\/\/www.promotio.sk\/sk\/wp-json\/wp\/v2\/media\/34174"}],"wp:attachment":[{"href":"https:\/\/www.promotio.sk\/sk\/wp-json\/wp\/v2\/media?parent=34173"}],"wp:term":[{"taxonomy":"product_cat","embeddable":true,"href":"https:\/\/www.promotio.sk\/sk\/wp-json\/wp\/v2\/product_cat?post=34173"},{"taxonomy":"product_tag","embeddable":true,"href":"https:\/\/www.promotio.sk\/sk\/wp-json\/wp\/v2\/product_tag?post=34173"}],"curies":[{"name":"wp","href":"https:\/\/api.w.org\/{rel}","templated":true}]}}