{"id":34166,"date":"2024-03-19T08:42:34","date_gmt":"2024-03-19T07:42:34","guid":{"rendered":"https:\/\/www.promotio.sk\/shop\/nezaraden\u00e9\/zora\/"},"modified":"2024-03-19T08:43:10","modified_gmt":"2024-03-19T07:43:10","slug":"zora","status":"publish","type":"product","link":"https:\/\/www.promotio.sk\/sk\/shop\/promo-items\/tools_car-pets-accessoriess\/tools\/zora\/","title":{"rendered":"ZORA"},"content":{"rendered":"<p>Viac\u00fa\u010delov\u00fd n\u00f4\u017e z nehrdzavej\u00facej ocele so 6 funkciami: n\u00f4\u017e, otv\u00e1ra\u010d na f\u013ea\u0161e, otv\u00e1ra\u010d na konzervy, v\u00fdvrtka, skrutkova\u010d a pr\u00edvesok na k\u013e\u00fa\u010de. <br \/>Zlo\u017eenie: hlin\u00edk a nehrdzavej\u00faca oce\u013e.<br \/>Pozn\u00e1mky: Prezent\u00e1cia v bielom r\u00e1m\u010deku. <\/p>","protected":false},"excerpt":{"rendered":"<p>Stainless steel multipurpose jackknife with 6 functions: knife, bottle opener, can opener, corkscrew, screwdriver and keyring. Composition: Aluminium and stainless<\/p>","protected":false},"featured_media":34167,"comment_status":"open","ping_status":"closed","template":"","meta":[],"product_cat":[609],"product_tag":[],"class_list":{"0":"post-34166","1":"product","2":"type-product","3":"status-publish","4":"has-post-thumbnail","6":"product_cat-tools","8":"first","9":"instock","10":"shipping-taxable","11":"purchasable","12":"product-type-variable"},"_links":{"self":[{"href":"https:\/\/www.promotio.sk\/sk\/wp-json\/wp\/v2\/product\/34166","targetHints":{"allow":["GET"]}}],"collection":[{"href":"https:\/\/www.promotio.sk\/sk\/wp-json\/wp\/v2\/product"}],"about":[{"href":"https:\/\/www.promotio.sk\/sk\/wp-json\/wp\/v2\/types\/product"}],"replies":[{"embeddable":true,"href":"https:\/\/www.promotio.sk\/sk\/wp-json\/wp\/v2\/comments?post=34166"}],"wp:featuredmedia":[{"embeddable":true,"href":"https:\/\/www.promotio.sk\/sk\/wp-json\/wp\/v2\/media\/34167"}],"wp:attachment":[{"href":"https:\/\/www.promotio.sk\/sk\/wp-json\/wp\/v2\/media?parent=34166"}],"wp:term":[{"taxonomy":"product_cat","embeddable":true,"href":"https:\/\/www.promotio.sk\/sk\/wp-json\/wp\/v2\/product_cat?post=34166"},{"taxonomy":"product_tag","embeddable":true,"href":"https:\/\/www.promotio.sk\/sk\/wp-json\/wp\/v2\/product_tag?post=34166"}],"curies":[{"name":"wp","href":"https:\/\/api.w.org\/{rel}","templated":true}]}}