{"id":34158,"date":"2024-03-19T08:41:38","date_gmt":"2024-03-19T07:41:38","guid":{"rendered":"https:\/\/www.promotio.sk\/shop\/nezaraden\u00e9\/goliat\/"},"modified":"2024-03-19T08:42:31","modified_gmt":"2024-03-19T07:42:31","slug":"goliat","status":"publish","type":"product","link":"https:\/\/www.promotio.sk\/sk\/shop\/promo-items\/tools_car-pets-accessoriess\/tools\/goliat\/","title":{"rendered":"GOLIAT"},"content":{"rendered":"<p>Zdvihov\u00fd n\u00f4\u017e z nehrdzavej\u00facej ocele s \u010depe\u013eou v \u010diernej farbe a rukov\u00e4\u0165ou z pr\u00edrodn\u00e9ho dreva. Bezpe\u010dnostn\u00fd z\u00e1mok. Prezent\u00e1cia v ekologickom dizajnovom boxe. <br \/>Zlo\u017eenie: Nerez a pr\u00edrodn\u00e9 drevo.<br \/>Pozn\u00e1mky: Prezent\u00e1cia v ekologickom dizajnovom boxe.<\/p>","protected":false},"excerpt":{"rendered":"<p>Stainless steel jackknife with blade in black and grip in natural wood. Safety lock. Presentation in eco design box. Composition:<\/p>","protected":false},"featured_media":34159,"comment_status":"open","ping_status":"closed","template":"","meta":[],"product_cat":[609],"product_tag":[],"class_list":{"0":"post-34158","1":"product","2":"type-product","3":"status-publish","4":"has-post-thumbnail","6":"product_cat-tools","8":"first","9":"instock","10":"shipping-taxable","11":"purchasable","12":"product-type-variable"},"_links":{"self":[{"href":"https:\/\/www.promotio.sk\/sk\/wp-json\/wp\/v2\/product\/34158","targetHints":{"allow":["GET"]}}],"collection":[{"href":"https:\/\/www.promotio.sk\/sk\/wp-json\/wp\/v2\/product"}],"about":[{"href":"https:\/\/www.promotio.sk\/sk\/wp-json\/wp\/v2\/types\/product"}],"replies":[{"embeddable":true,"href":"https:\/\/www.promotio.sk\/sk\/wp-json\/wp\/v2\/comments?post=34158"}],"wp:featuredmedia":[{"embeddable":true,"href":"https:\/\/www.promotio.sk\/sk\/wp-json\/wp\/v2\/media\/34159"}],"wp:attachment":[{"href":"https:\/\/www.promotio.sk\/sk\/wp-json\/wp\/v2\/media?parent=34158"}],"wp:term":[{"taxonomy":"product_cat","embeddable":true,"href":"https:\/\/www.promotio.sk\/sk\/wp-json\/wp\/v2\/product_cat?post=34158"},{"taxonomy":"product_tag","embeddable":true,"href":"https:\/\/www.promotio.sk\/sk\/wp-json\/wp\/v2\/product_tag?post=34158"}],"curies":[{"name":"wp","href":"https:\/\/api.w.org\/{rel}","templated":true}]}}