{"id":34133,"date":"2024-03-19T08:38:52","date_gmt":"2024-03-19T07:38:52","guid":{"rendered":"https:\/\/www.promotio.sk\/shop\/nezaraden\u00e9\/weston\/"},"modified":"2024-03-19T08:39:31","modified_gmt":"2024-03-19T07:39:31","slug":"weston","status":"publish","type":"product","link":"https:\/\/www.promotio.sk\/sk\/shop\/promo-items\/tools_car-pets-accessoriess\/tools\/weston\/","title":{"rendered":"WESTON"},"content":{"rendered":"<p>Viac\u00fa\u010delov\u00fd n\u00f4\u017e z nehrdzavej\u00facej ocele s drevenou rukov\u00e4\u0165ou je v\u0161estrann\u00fd a praktick\u00fd n\u00e1stroj, ktor\u00fd v\u00e1m poskytuje nieko\u013eko funkci\u00ed v jednom zariaden\u00ed. Tento n\u00f4\u017e je navrhnut\u00fd s vysokou kvalitou a odolnos\u0165ou a jeho dreven\u00e1 rukov\u00e4\u0165 mu dod\u00e1va elegantn\u00fd a prirodzen\u00fd vzh\u013ead.<br \/>\nN\u00f4\u017e m\u00e1 tri hlavn\u00e9 funkcie:<br \/>\n1. N\u00f4\u017e: Ostr\u00e1 \u010depe\u013e z nehrdzavej\u00facej ocele umo\u017e\u0148uje presn\u00e9 a efekt\u00edvne rezy v r\u00f4znych situ\u00e1ci\u00e1ch. Je ide\u00e1lny pre outdoorov\u00e9 aktivity, ako je kempovanie, turistika alebo DIY.<br \/>\n2. No\u017enice: Vstavan\u00e9 no\u017enice s\u00fa ide\u00e1lne na zastrih\u00e1vanie nit\u00ed, papiera alebo in\u00fdch materi\u00e1lov v situ\u00e1ci\u00e1ch, ke\u010f potrebujete presnej\u0161\u00ed a kontrolovanej\u0161\u00ed strih. S\u00fa u\u017eito\u010dn\u00e9 najm\u00e4 pri remeseln\u00edckych \u00faloh\u00e1ch alebo pri r\u00fdchlych oprav\u00e1ch.<br \/>\n3. Piln\u00edk: Piln\u00edk m\u00e1 drsn\u00fd povrch, ktor\u00fd umo\u017e\u0148uje pilova\u0165 alebo le\u0161ti\u0165 drsn\u00e9 alebo nerovn\u00e9 povrchy. M\u00f4\u017ee by\u0165 u\u017eito\u010dn\u00fd na vyhladenie ostr\u00fdch hr\u00e1n alebo opotrebenie mal\u00fdch nedokonalost\u00ed materi\u00e1lov, ako je kov alebo plast.<br \/>\n<br \/>Zlo\u017eenie: Acero inoxidable y madera.<br \/>Pozn\u00e1mky: Presentaci\u00f3n caja dise\u00f1o eco.<\/p>","protected":false},"excerpt":{"rendered":"<p>The multipurpose stainless steel knife with wooden handle is a versatile and practical tool that gives you several functions in<\/p>","protected":false},"featured_media":34134,"comment_status":"open","ping_status":"closed","template":"","meta":[],"product_cat":[609],"product_tag":[],"class_list":{"0":"post-34133","1":"product","2":"type-product","3":"status-publish","4":"has-post-thumbnail","6":"product_cat-tools","8":"first","9":"instock","10":"shipping-taxable","11":"purchasable","12":"product-type-variable"},"_links":{"self":[{"href":"https:\/\/www.promotio.sk\/sk\/wp-json\/wp\/v2\/product\/34133","targetHints":{"allow":["GET"]}}],"collection":[{"href":"https:\/\/www.promotio.sk\/sk\/wp-json\/wp\/v2\/product"}],"about":[{"href":"https:\/\/www.promotio.sk\/sk\/wp-json\/wp\/v2\/types\/product"}],"replies":[{"embeddable":true,"href":"https:\/\/www.promotio.sk\/sk\/wp-json\/wp\/v2\/comments?post=34133"}],"wp:featuredmedia":[{"embeddable":true,"href":"https:\/\/www.promotio.sk\/sk\/wp-json\/wp\/v2\/media\/34134"}],"wp:attachment":[{"href":"https:\/\/www.promotio.sk\/sk\/wp-json\/wp\/v2\/media?parent=34133"}],"wp:term":[{"taxonomy":"product_cat","embeddable":true,"href":"https:\/\/www.promotio.sk\/sk\/wp-json\/wp\/v2\/product_cat?post=34133"},{"taxonomy":"product_tag","embeddable":true,"href":"https:\/\/www.promotio.sk\/sk\/wp-json\/wp\/v2\/product_tag?post=34133"}],"curies":[{"name":"wp","href":"https:\/\/api.w.org\/{rel}","templated":true}]}}