{"id":34126,"date":"2024-03-19T08:38:15","date_gmt":"2024-03-19T07:38:15","guid":{"rendered":"https:\/\/www.promotio.sk\/shop\/nezaraden\u00e9\/xena\/"},"modified":"2024-03-19T08:38:51","modified_gmt":"2024-03-19T07:38:51","slug":"xena","status":"publish","type":"product","link":"https:\/\/www.promotio.sk\/sk\/shop\/promo-items\/tools_car-pets-accessoriess\/tools\/xena\/","title":{"rendered":"XENA"},"content":{"rendered":"<p>Nerezov\u00fd holiaci stroj\u010dek s korkovou rukov\u00e4\u0165ou je v\u0161estrann\u00fd a praktick\u00fd n\u00e1stroj s pr\u00edrodn\u00fdm a ekologick\u00fdm n\u00e1dychom. Je navrhnut\u00fd z vysoko kvalitn\u00fdch materi\u00e1lov, ktor\u00e9 zais\u0165uj\u00fa odolnos\u0165 a pevnos\u0165 v r\u00f4znych situ\u00e1ci\u00e1ch.<br \/>\nTento n\u00f4\u017e m\u00e1 ostr\u00fa \u010depe\u013e z nehrdzavej\u00facej ocele, ktor\u00e1 v\u00e1m umo\u017en\u00ed vykon\u00e1va\u0165 presn\u00e9 a efekt\u00edvne rezy. Jeho korkov\u00e9 dr\u017eadlo mu dod\u00e1va jedine\u010dn\u00fd a pr\u00edjemn\u00fd dotyk a z\u00e1rove\u0148 predstavuje udr\u017eate\u013en\u00fa mo\u017enos\u0165 s pou\u017eit\u00edm pr\u00edrodn\u00e9ho a obnovite\u013en\u00e9ho materi\u00e1lu.<br \/>\nS\u00fa\u010das\u0165ou no\u017ea je aj popruh na pren\u00e1\u0161anie, ktor\u00fd v\u00e1m umo\u017en\u00ed nosi\u0165 ho pohodlne a bezpe\u010dne. P\u00e1sku si m\u00f4\u017eete nastavi\u0165 okolo z\u00e1p\u00e4stia alebo ju zavesi\u0165 na batoh \u010di ta\u0161ku, aby ste ju mali v\u017edy po ruke, ke\u010f ju potrebujete.<br \/>\nPrezent\u00e1cia v eko-dizajnovej krabici zd\u00f4raz\u0148uje trvalo udr\u017eate\u013en\u00fd pr\u00edstup tohto produktu. Korok je materi\u00e1l \u0161etrn\u00fd k \u017eivotn\u00e9mu prostrediu, preto\u017ee poch\u00e1dza z udr\u017eate\u013en\u00fdch zdrojov bez po\u0161kodenia stromov korkov\u00e9ho dubu. V\u00fdberom tohto holiaceho stroj\u010deka s korkovou rukov\u00e4\u0165ou a jeho predlo\u017een\u00edm v krabi\u010dke s ekologick\u00fdm dizajnom podporujete environment\u00e1lne povedomie a ochranu na\u0161ich pr\u00edrodn\u00fdch zdrojov.<br \/>Zlo\u017eenie: Acero inoxidable y corcho<br \/>Pozn\u00e1mky: Presentaci\u00f3n caja dise\u00f1o eco.<\/p>","protected":false},"excerpt":{"rendered":"<p>The stainless steel razor with a cork handle is a versatile and practical tool with a natural and ecological touch.<\/p>","protected":false},"featured_media":34127,"comment_status":"open","ping_status":"closed","template":"","meta":[],"product_cat":[609],"product_tag":[],"class_list":{"0":"post-34126","1":"product","2":"type-product","3":"status-publish","4":"has-post-thumbnail","6":"product_cat-tools","8":"first","9":"instock","10":"shipping-taxable","11":"purchasable","12":"product-type-variable"},"_links":{"self":[{"href":"https:\/\/www.promotio.sk\/sk\/wp-json\/wp\/v2\/product\/34126","targetHints":{"allow":["GET"]}}],"collection":[{"href":"https:\/\/www.promotio.sk\/sk\/wp-json\/wp\/v2\/product"}],"about":[{"href":"https:\/\/www.promotio.sk\/sk\/wp-json\/wp\/v2\/types\/product"}],"replies":[{"embeddable":true,"href":"https:\/\/www.promotio.sk\/sk\/wp-json\/wp\/v2\/comments?post=34126"}],"wp:featuredmedia":[{"embeddable":true,"href":"https:\/\/www.promotio.sk\/sk\/wp-json\/wp\/v2\/media\/34127"}],"wp:attachment":[{"href":"https:\/\/www.promotio.sk\/sk\/wp-json\/wp\/v2\/media?parent=34126"}],"wp:term":[{"taxonomy":"product_cat","embeddable":true,"href":"https:\/\/www.promotio.sk\/sk\/wp-json\/wp\/v2\/product_cat?post=34126"},{"taxonomy":"product_tag","embeddable":true,"href":"https:\/\/www.promotio.sk\/sk\/wp-json\/wp\/v2\/product_tag?post=34126"}],"curies":[{"name":"wp","href":"https:\/\/api.w.org\/{rel}","templated":true}]}}