{"id":34099,"date":"2024-03-18T14:21:02","date_gmt":"2024-03-18T13:21:02","guid":{"rendered":"https:\/\/www.promotio.sk\/shop\/nezaraden\u00e9\/nick\/"},"modified":"2024-03-18T14:21:44","modified_gmt":"2024-03-18T13:21:44","slug":"nick","status":"publish","type":"product","link":"https:\/\/www.promotio.sk\/sk\/shop\/promo-items\/christmas\/christmas_hats\/nick\/","title":{"rendered":"NICK"},"content":{"rendered":"<p>Detsk\u00e1 viano\u010dn\u00e1 \u010diapka na farbenie. Viano\u010dn\u00e9 vzory na prednej strane bieleho p\u00e1sika. Vr\u00e1tane 4 farebn\u00fdch pasteliek (\u010derven\u00e1, \u017elt\u00e1, zelen\u00e1 a modr\u00e1).<br \/>Zlo\u017eenie: Polyester a netkan\u00e1 text\u00edlia.<\/p>","protected":false},"excerpt":{"rendered":"<p>Children&#8217;s christmas hat for colouring. Christmassy designs on the front of the white band. 4 colour crayons (red, yellow, green<\/p>","protected":false},"featured_media":34100,"comment_status":"open","ping_status":"closed","template":"","meta":[],"product_cat":[611,614],"product_tag":[],"class_list":{"0":"post-34099","1":"product","2":"type-product","3":"status-publish","4":"has-post-thumbnail","6":"product_cat-christmas","7":"product_cat-christmas_hats","9":"first","10":"instock","11":"shipping-taxable","12":"purchasable","13":"product-type-variable"},"_links":{"self":[{"href":"https:\/\/www.promotio.sk\/sk\/wp-json\/wp\/v2\/product\/34099","targetHints":{"allow":["GET"]}}],"collection":[{"href":"https:\/\/www.promotio.sk\/sk\/wp-json\/wp\/v2\/product"}],"about":[{"href":"https:\/\/www.promotio.sk\/sk\/wp-json\/wp\/v2\/types\/product"}],"replies":[{"embeddable":true,"href":"https:\/\/www.promotio.sk\/sk\/wp-json\/wp\/v2\/comments?post=34099"}],"wp:featuredmedia":[{"embeddable":true,"href":"https:\/\/www.promotio.sk\/sk\/wp-json\/wp\/v2\/media\/34100"}],"wp:attachment":[{"href":"https:\/\/www.promotio.sk\/sk\/wp-json\/wp\/v2\/media?parent=34099"}],"wp:term":[{"taxonomy":"product_cat","embeddable":true,"href":"https:\/\/www.promotio.sk\/sk\/wp-json\/wp\/v2\/product_cat?post=34099"},{"taxonomy":"product_tag","embeddable":true,"href":"https:\/\/www.promotio.sk\/sk\/wp-json\/wp\/v2\/product_tag?post=34099"}],"curies":[{"name":"wp","href":"https:\/\/api.w.org\/{rel}","templated":true}]}}