{"id":34078,"date":"2024-03-18T14:18:15","date_gmt":"2024-03-18T13:18:15","guid":{"rendered":"https:\/\/www.promotio.sk\/shop\/nezaraden\u00e9\/jingle\/"},"modified":"2024-03-18T14:20:15","modified_gmt":"2024-03-18T13:20:15","slug":"jingle","status":"publish","type":"product","link":"https:\/\/www.promotio.sk\/sk\/shop\/promo-items\/christmas\/decorations\/jingle\/","title":{"rendered":"JINGLE"},"content":{"rendered":"<p>Dreven\u00e1 viano\u010dn\u00e1 dekor\u00e1cia, dostupn\u00e1 v dvoch prevedeniach: hviezda a strom\u010dek. Vr\u00e1tane \u010dervenej stuhy na zavesenie na viano\u010dn\u00fd strom\u010dek.<br \/>\n<br \/>Zlo\u017eenie: Drevo a polyester.<br \/>Pozn\u00e1mky: Medidas del producto:<br \/>\n- \u0160\u00edrka: 10 x 9,5 x 0,5 cm<br \/>\n\u2013 Estrella: 10 x 10 x 0,5 cm<br \/>\n- Rozmer: 9 x 7 x 0,5 cm<br \/>\n\u2013 Copo: 8 x 8 x 0,5 cm <\/p>","protected":false},"excerpt":{"rendered":"<p>Wooden christmas decoration, available in two designs: star and tree. Red ribbon to hang on the christmas tree included. Composition:<\/p>","protected":false},"featured_media":34079,"comment_status":"open","ping_status":"closed","template":"","meta":[],"product_cat":[611,612],"product_tag":[],"class_list":{"0":"post-34078","1":"product","2":"type-product","3":"status-publish","4":"has-post-thumbnail","6":"product_cat-christmas","7":"product_cat-decorations","9":"first","10":"instock","11":"shipping-taxable","12":"purchasable","13":"product-type-variable"},"_links":{"self":[{"href":"https:\/\/www.promotio.sk\/sk\/wp-json\/wp\/v2\/product\/34078","targetHints":{"allow":["GET"]}}],"collection":[{"href":"https:\/\/www.promotio.sk\/sk\/wp-json\/wp\/v2\/product"}],"about":[{"href":"https:\/\/www.promotio.sk\/sk\/wp-json\/wp\/v2\/types\/product"}],"replies":[{"embeddable":true,"href":"https:\/\/www.promotio.sk\/sk\/wp-json\/wp\/v2\/comments?post=34078"}],"wp:featuredmedia":[{"embeddable":true,"href":"https:\/\/www.promotio.sk\/sk\/wp-json\/wp\/v2\/media\/34079"}],"wp:attachment":[{"href":"https:\/\/www.promotio.sk\/sk\/wp-json\/wp\/v2\/media?parent=34078"}],"wp:term":[{"taxonomy":"product_cat","embeddable":true,"href":"https:\/\/www.promotio.sk\/sk\/wp-json\/wp\/v2\/product_cat?post=34078"},{"taxonomy":"product_tag","embeddable":true,"href":"https:\/\/www.promotio.sk\/sk\/wp-json\/wp\/v2\/product_tag?post=34078"}],"curies":[{"name":"wp","href":"https:\/\/api.w.org\/{rel}","templated":true}]}}